{"id":148,"date":"2023-04-11T18:24:57","date_gmt":"2023-04-11T15:24:57","guid":{"rendered":"https:\/\/ambtallinn.esteri.it\/italia-ed-estonia\/diplomazia-culturale\/lingua-e-cultura-italiana\/"},"modified":"2023-06-29T12:47:40","modified_gmt":"2023-06-29T09:47:40","slug":"lingua-e-cultura-italiana","status":"publish","type":"page","link":"https:\/\/ambtallinn.esteri.it\/en\/italia-ed-estonia\/diplomazia-culturale\/lingua-e-cultura-italiana\/","title":{"rendered":"Italian language and culture"},"content":{"rendered":"<p>If you are interested in studying\u00a0 Italian in Estonia or find a school where you children can study it, these are the Estonian institutions that provide Italian language courses (in bracket the location)<\/p>\n<p><strong>I degree Secondary Schools\u00a0<\/strong><\/p>\n<p>Waldorfkool L\u00e4te (Keila)<\/p>\n<p>Kohtla-J\u00e4rve G\u00fcmnaasium (Kohtla-J\u00e4rve)<\/p>\n<p>Tartu Luterlik Peetri Kool (P\u00f5lva)<\/p>\n<p><strong>II degree Secondary Schools<\/strong><\/p>\n<p>Tallinna L\u00e4\u00e4nemere G\u00fcmnaasium (Tallinn)<\/p>\n<p>Tallinna Kristiine G\u00fcmnaasium (Tallinn)<\/p>\n<p>Maardu G\u00fcmnaasium (Maardu)<\/p>\n<p>Heino Eller Tartu Music College (Tartu)<\/p>\n<p><strong>Universities<\/strong><\/p>\n<p><a href=\"https:\/\/www.tlu.ee\/ht\/itaalia-keel-ja-kultuur\" target=\"_blank\" rel=\"noopener\">Tallinn University &#8211; Institute of Humanities &#8211; Department of Italian Studies<\/a><\/p>\n<p><a href=\"https:\/\/maailmakeeled.ut.ee\/en\/department-of-romance-studies\" target=\"_blank\" rel=\"noopener\">Tartu University &#8211; College of Foreign Languages and Cultures &#8211; Department of Romance Studies<\/a><\/p>\n<p><strong>Private language Schools<\/strong><\/p>\n<p>Tallinna Keeltekool (Tallinn)<\/p>\n<p>Multilingua Keelekeskus (Tallinn)<\/p>\n","protected":false},"excerpt":{"rendered":"If you are interested in studying\u00a0 Italian in Estonia or find a school where you children can study it, these are the Estonian institutions that provide Italian language courses (in bracket the location) I degree Secondary Schools\u00a0 Waldorfkool L\u00e4te (Keila) Kohtla-J\u00e4rve G\u00fcmnaasium (Kohtla-J\u00e4rve) Tartu Luterlik Peetri Kool (P\u00f5lva) II degree Secondary Schools Tallinna L\u00e4\u00e4nemere G\u00fcmnaasium [&hellip;]","protected":false},"author":1,"featured_media":0,"parent":147,"menu_order":0,"comment_status":"closed","ping_status":"closed","template":"","meta":{"footnotes":""},"class_list":["post-148","page","type-page","status-publish","hentry"],"_links":{"self":[{"href":"https:\/\/ambtallinn.esteri.it\/en\/wp-json\/wp\/v2\/pages\/148","targetHints":{"allow":["GET"]}}],"collection":[{"href":"https:\/\/ambtallinn.esteri.it\/en\/wp-json\/wp\/v2\/pages"}],"about":[{"href":"https:\/\/ambtallinn.esteri.it\/en\/wp-json\/wp\/v2\/types\/page"}],"author":[{"embeddable":true,"href":"https:\/\/ambtallinn.esteri.it\/en\/wp-json\/wp\/v2\/users\/1"}],"replies":[{"embeddable":true,"href":"https:\/\/ambtallinn.esteri.it\/en\/wp-json\/wp\/v2\/comments?post=148"}],"version-history":[{"count":4,"href":"https:\/\/ambtallinn.esteri.it\/en\/wp-json\/wp\/v2\/pages\/148\/revisions"}],"predecessor-version":[{"id":408,"href":"https:\/\/ambtallinn.esteri.it\/en\/wp-json\/wp\/v2\/pages\/148\/revisions\/408"}],"up":[{"embeddable":true,"href":"https:\/\/ambtallinn.esteri.it\/en\/wp-json\/wp\/v2\/pages\/147"}],"wp:attachment":[{"href":"https:\/\/ambtallinn.esteri.it\/en\/wp-json\/wp\/v2\/media?parent=148"}],"curies":[{"name":"wp","href":"https:\/\/api.w.org\/{rel}","templated":true}]}}