{"id":575,"date":"2023-07-07T10:50:13","date_gmt":"2023-07-07T07:50:13","guid":{"rendered":"https:\/\/ambtallinn.esteri.it\/servizi-consolari-e-visti\/servizi-per-il-cittadino-straniero\/minori-dichiarazione-di-accompagnamento\/"},"modified":"2023-07-17T18:16:40","modified_gmt":"2023-07-17T15:16:40","slug":"minori-dichiarazione-di-accompagnamento","status":"publish","type":"page","link":"https:\/\/ambtallinn.esteri.it\/en\/servizi-consolari-e-visti\/servizi-per-il-cittadino-straniero\/minori-dichiarazione-di-accompagnamento\/","title":{"rendered":"Non-Italian Minors &#8211;  declaration of non accompanying parent"},"content":{"rendered":"<h5>NON-ITALIAN MINORS RESIDING IN ESTONIA<\/h5>\n<p>Minors residing on Estonian territory must be in possession of the\u00a0<a href=\"https:\/\/reisitargalt.vm.ee\/wp-content\/uploads\/2022\/09\/lapsega_reisimise_nousoleku_naidisvorm.pdf\" target=\"_blank\" rel=\"noopener\">Estonian accompanying declaration<\/a>\u00a0in case of travel abroad without one or both parents. For more information, contact the\u00a0<a href=\"https:\/\/reisitargalt.vm.ee\/lastega-reisimine\/\" target=\"_blank\" rel=\"noopener\">Estonian Ministry of Foreign Affairs<\/a>\u00a0or the Estonian Police Authorities.<\/p>\n<h5>EESTIS ELAVAD ALAEALISED (MITTE-ITAALLASED)<\/h5>\n<p>Eesti territooriumil elaval alaealisel peab \u00fche v\u00f5i m\u00f5lema vanemata v\u00e4lismaale reisimisel kaasas olema\u00a0<a href=\"https:\/\/reisitargalt.vm.ee\/wp-content\/uploads\/2022\/09\/lapsega_reisimise_nousoleku_naidisvorm.pdf\" target=\"_blank\" rel=\"noopener\">lihtkirjalik n\u00f5usolekuvorm<\/a>. Lisateabe saamiseks p\u00f6\u00f6rduge\u00a0<a href=\"https:\/\/reisitargalt.vm.ee\/lastega-reisimine\/\" target=\"_blank\" rel=\"noopener\">Eesti V\u00e4lisminisiteeriumi<\/a>\u00a0v\u00f5i PPA poole.<\/p>\n","protected":false},"excerpt":{"rendered":"NON-ITALIAN MINORS RESIDING IN ESTONIA Minors residing on Estonian territory must be in possession of the\u00a0Estonian accompanying declaration\u00a0in case of travel abroad without one or both parents. For more information, contact the\u00a0Estonian Ministry of Foreign Affairs\u00a0or the Estonian Police Authorities. EESTIS ELAVAD ALAEALISED (MITTE-ITAALLASED) Eesti territooriumil elaval alaealisel peab \u00fche v\u00f5i m\u00f5lema vanemata v\u00e4lismaale reisimisel [&hellip;]","protected":false},"author":5,"featured_media":0,"parent":169,"menu_order":6,"comment_status":"closed","ping_status":"closed","template":"","meta":{"footnotes":""},"class_list":["post-575","page","type-page","status-publish","hentry"],"_links":{"self":[{"href":"https:\/\/ambtallinn.esteri.it\/en\/wp-json\/wp\/v2\/pages\/575","targetHints":{"allow":["GET"]}}],"collection":[{"href":"https:\/\/ambtallinn.esteri.it\/en\/wp-json\/wp\/v2\/pages"}],"about":[{"href":"https:\/\/ambtallinn.esteri.it\/en\/wp-json\/wp\/v2\/types\/page"}],"author":[{"embeddable":true,"href":"https:\/\/ambtallinn.esteri.it\/en\/wp-json\/wp\/v2\/users\/5"}],"replies":[{"embeddable":true,"href":"https:\/\/ambtallinn.esteri.it\/en\/wp-json\/wp\/v2\/comments?post=575"}],"version-history":[{"count":4,"href":"https:\/\/ambtallinn.esteri.it\/en\/wp-json\/wp\/v2\/pages\/575\/revisions"}],"predecessor-version":[{"id":721,"href":"https:\/\/ambtallinn.esteri.it\/en\/wp-json\/wp\/v2\/pages\/575\/revisions\/721"}],"up":[{"embeddable":true,"href":"https:\/\/ambtallinn.esteri.it\/en\/wp-json\/wp\/v2\/pages\/169"}],"wp:attachment":[{"href":"https:\/\/ambtallinn.esteri.it\/en\/wp-json\/wp\/v2\/media?parent=575"}],"curies":[{"name":"wp","href":"https:\/\/api.w.org\/{rel}","templated":true}]}}