{"id":101,"date":"2023-04-11T18:24:57","date_gmt":"2023-04-11T16:24:57","guid":{"rendered":"https:\/\/ambasciatapraga.esteri.it\/?page_id=101"},"modified":"2025-09-08T17:39:38","modified_gmt":"2025-09-08T14:39:38","slug":"lingua-e-cultura-italiana","status":"publish","type":"page","link":"https:\/\/ambtallinn.esteri.it\/it\/italia-ed-estonia\/diplomazia-culturale\/lingua-e-cultura-italiana\/","title":{"rendered":"Lingua e Cultura italiana"},"content":{"rendered":"<p>Se sei interessato\/a a studiare l&#8217;italiano in Estonia o a farlo studiare ai tuoi figli, queste sono le istituzioni estoni che offrono corsi di lingua italiana (nella parentesi viene indicata la localit\u00e0):<\/p>\n<p><strong>Scuola primaria e secondaria di I grado<\/strong><\/p>\n<ul>\n<li>Waldorfkool L\u00e4te (Keila)<\/li>\n<li>Muhu P\u00f5hikool (Muhu)<\/li>\n<\/ul>\n<p><strong>Scuola<\/strong> <strong>primaria, secondaria di I e II grado<\/strong><\/p>\n<ul>\n<li>Maardu G\u00fcmnaasium (Tallinn)<\/li>\n<li>Tallinna Kristiine G\u00fcmnaasium (Tallinn)<\/li>\n<li>Heino Eller Tartu Music College (Tartu)<\/li>\n<li>Narva Eesti G\u00fcmnaasium (Narva)<\/li>\n<li>Tartu Katoliku Hariduskeskus (Tartu)<\/li>\n<li>Rocca Al Mare Kool (Tallinn)<\/li>\n<\/ul>\n<p><strong>Universit\u00e0<\/strong><\/p>\n<p><a href=\"https:\/\/www.tlu.ee\/ht\/itaalia-keel-ja-kultuur\" target=\"_blank\" rel=\"noopener\">Universit\u00e0 di Tallinn &#8211; Istituto di Scienze Umane &#8211; Dipartimento di Italianistica<\/a><\/p>\n<p><a href=\"https:\/\/maailmakeeled.ut.ee\/en\/department-of-romance-studies\" target=\"_blank\" rel=\"noopener\">Universit\u00e0 di Tartu &#8211; Collegio di Lingue e Culture Straniere &#8211; Dipartimento di Studi romanzi<\/a><\/p>\n<p><strong>Scuole private di lingua<\/strong><\/p>\n<p>Tallinna Keeltekool (Tallinn)<\/p>\n<p>Multilingua Keelekeskus (Tallinn)<\/p>\n","protected":false},"excerpt":{"rendered":"Se sei interessato\/a a studiare l&#8217;italiano in Estonia o a farlo studiare ai tuoi figli, queste sono le istituzioni estoni che offrono corsi di lingua italiana (nella parentesi viene indicata la localit\u00e0): Scuola primaria e secondaria di I grado Waldorfkool L\u00e4te (Keila) Muhu P\u00f5hikool (Muhu) Scuola primaria, secondaria di I e II grado Maardu G\u00fcmnaasium [&hellip;]","protected":false},"author":1,"featured_media":0,"parent":44,"menu_order":0,"comment_status":"closed","ping_status":"closed","template":"","meta":{"footnotes":""},"class_list":["post-101","page","type-page","status-publish","hentry"],"_links":{"self":[{"href":"https:\/\/ambtallinn.esteri.it\/it\/wp-json\/wp\/v2\/pages\/101","targetHints":{"allow":["GET"]}}],"collection":[{"href":"https:\/\/ambtallinn.esteri.it\/it\/wp-json\/wp\/v2\/pages"}],"about":[{"href":"https:\/\/ambtallinn.esteri.it\/it\/wp-json\/wp\/v2\/types\/page"}],"author":[{"embeddable":true,"href":"https:\/\/ambtallinn.esteri.it\/it\/wp-json\/wp\/v2\/users\/1"}],"replies":[{"embeddable":true,"href":"https:\/\/ambtallinn.esteri.it\/it\/wp-json\/wp\/v2\/comments?post=101"}],"version-history":[{"count":6,"href":"https:\/\/ambtallinn.esteri.it\/it\/wp-json\/wp\/v2\/pages\/101\/revisions"}],"predecessor-version":[{"id":3029,"href":"https:\/\/ambtallinn.esteri.it\/it\/wp-json\/wp\/v2\/pages\/101\/revisions\/3029"}],"up":[{"embeddable":true,"href":"https:\/\/ambtallinn.esteri.it\/it\/wp-json\/wp\/v2\/pages\/44"}],"wp:attachment":[{"href":"https:\/\/ambtallinn.esteri.it\/it\/wp-json\/wp\/v2\/media?parent=101"}],"curies":[{"name":"wp","href":"https:\/\/api.w.org\/{rel}","templated":true}]}}