{"id":41,"date":"2023-04-11T18:07:19","date_gmt":"2023-04-11T16:07:19","guid":{"rendered":"https:\/\/ambasciatapraga.esteri.it\/?page_id=41"},"modified":"2025-09-25T11:19:41","modified_gmt":"2025-09-25T08:19:41","slug":"numeri-di-emergenza","status":"publish","type":"page","link":"https:\/\/ambtallinn.esteri.it\/it\/chi-siamo\/numeri-di-emergenza\/","title":{"rendered":"Numeri di emergenza"},"content":{"rendered":"<p><strong>PER EMERGENZE<\/strong><\/p>\n<p>La centrale operativa attiva 24 ore su tutto il territorio estone per la gestione di emergenze risponde al numero telefonico\u00a0<strong>112<\/strong>\u00a0(polizia, vigili del fuoco, ambulanza).<\/p>\n<p><strong>Assistenza consolare &#8211; gravi emergenze durante gli orari di apertura degli uffici<\/strong><\/p>\n<p>Telefonare al numero +372 6276160<\/p>\n<p><strong>Assistenza consolare \u2013 gravi emergenze durante gli orari di chiusura degli uffici<\/strong><\/p>\n<p>In caso di grave emergenza,\u00a0fuori dell\u2019orario di ufficio, \u00e8 attivo il numero cellulare di reperibilit\u00e0\u00a0<strong>+372 5165723<\/strong>\u00a0nelle seguenti fasce orarie:<\/p>\n<ul>\n<li>Luned\u00ec \u2013 Venerd\u00ec dalle 17:00 alle 22:00<\/li>\n<li>Sabato, Domenica e nei\u00a0<a href=\"https:\/\/ambtallinn.esteri.it\/it\/chi-siamo\/gli-uffici\/calendario-festivita\/\">giorni di ricorrenza festiva<\/a>\u00a0dalle 9:00 alle 21:00<\/li>\n<\/ul>\n<p>In caso di\u00a0<strong>ASSOLUTA EMERGENZA<\/strong>\u00a0in orari diversi da quelli di apertura degli uffici o di reperibilit\u00e0, \u00e8 possibile contattare il seguente numero del Ministero degli Affari Esteri e della Cooperazione Internazionale:<\/p>\n<ul>\n<li>Funzionario di Turno dell\u2019Unit\u00e0 di Crisi:\u00a0<strong>+39 06 36225.<\/strong><\/li>\n<\/ul>\n<p>Si ricorda che i numeri sopraindicati \u2013 sia dell\u2019Ambasciata che del Ministero \u2013 sono\u00a0<strong>adibiti esclusivamente alla segnalazione di situazioni di grave e comprovata emergenza<\/strong>\u00a0che richiedono interventi immediati e non differibili da parte del Ministero degli Esteri a tutela dei cittadini italiani all\u2019estero (ad esempio: incidenti, arresti, gravi problemi medici, ecc.). I funzionari di turno non possono dare seguito a richieste generiche relative a pratiche amministrative quali, ad esempio: iscrizioni AIRE, stato civile, passaporti o carte d\u2019identit\u00e0, richieste cittadinanza, servizi notarili, ecc.<\/p>\n<p><strong>Cosa fare in caso di furto o smarrimento del documento d&#8217;identit\u00e0<\/strong><\/p>\n<p>Sporgere immediatamente denuncia presso l\u2019Autorit\u00e0 di Polizia estone. Nella citt\u00e0 di Tallinn \u00e8 necessario recarsi o di persona alla\u00a0<strong>stazione di Polizia in Paul Pinna 4<\/strong>\u00a0o presentare domanda tramite email a\u00a0<strong><a href=\"mailto:pohja@politsei.ee\">pohja@politsei.ee<\/a><\/strong>\u00a0(preferibilmente in Inglese). Il tempo di risposta massimo per le email \u00e8 di 30 giorni. Se si vuole ottenere in tempi celeri un foglio timbrato \u00e8 necessario recarsi alla stazione di Polizia entro le 15:00 per registrare la denuncia.<\/p>\n<p>Se il documento \u00e8 stato smarrito e si vuole verificare se fosse stato ritrovato \u00e8 possibile telefonare ai seguenti numeri:<\/p>\n<p>Dipartimento di Pinna: +372 612 4758 (con giurisdizione sulla zona Centro \/ Citt\u00e0 Vecchia di Tallinn)<\/p>\n<p>Dipartimento di Kolde: +372 612 4204<\/p>\n<p>Qualora il\u00a0<strong>cittadino italiano non residente in Estonia<\/strong>\u00a0si trovi in una situazione di emergenza per il furto o smarrimento del documento d\u2019identit\u00e0, l\u2019ufficio Consolare pu\u00f2 rilasciare un documento provvisorio di viaggio (<a href=\"https:\/\/ambtallinn.esteri.it\/it\/servizi-consolari-e-visti\/servizi-per-il-cittadino-italiano\/emergency-travel-documents-etd\/\">ETD \u2013 Emergency Travel Document<\/a>) per il solo rientro in Italia o nel Paese di stabile residenza.<\/p>\n<p>Ricordiamo ai cittadini italiani di registrarsi sul sito o sull\u2019APP\u00a0<a href=\"https:\/\/www.dovesiamonelmondo.it\/home.html\">Servizi UdC (dovesiamonelmondo.it)<\/a>\u00a0prima di qualsiasi viaggio.<\/p>\n","protected":false},"excerpt":{"rendered":"PER EMERGENZE La centrale operativa attiva 24 ore su tutto il territorio estone per la gestione di emergenze risponde al numero telefonico\u00a0112\u00a0(polizia, vigili del fuoco, ambulanza). Assistenza consolare &#8211; gravi emergenze durante gli orari di apertura degli uffici Telefonare al numero +372 6276160 Assistenza consolare \u2013 gravi emergenze durante gli orari di chiusura degli uffici [&hellip;]","protected":false},"author":1,"featured_media":0,"parent":13,"menu_order":6,"comment_status":"closed","ping_status":"closed","template":"","meta":{"footnotes":""},"class_list":["post-41","page","type-page","status-publish","hentry"],"_links":{"self":[{"href":"https:\/\/ambtallinn.esteri.it\/it\/wp-json\/wp\/v2\/pages\/41","targetHints":{"allow":["GET"]}}],"collection":[{"href":"https:\/\/ambtallinn.esteri.it\/it\/wp-json\/wp\/v2\/pages"}],"about":[{"href":"https:\/\/ambtallinn.esteri.it\/it\/wp-json\/wp\/v2\/types\/page"}],"author":[{"embeddable":true,"href":"https:\/\/ambtallinn.esteri.it\/it\/wp-json\/wp\/v2\/users\/1"}],"replies":[{"embeddable":true,"href":"https:\/\/ambtallinn.esteri.it\/it\/wp-json\/wp\/v2\/comments?post=41"}],"version-history":[{"count":6,"href":"https:\/\/ambtallinn.esteri.it\/it\/wp-json\/wp\/v2\/pages\/41\/revisions"}],"predecessor-version":[{"id":3147,"href":"https:\/\/ambtallinn.esteri.it\/it\/wp-json\/wp\/v2\/pages\/41\/revisions\/3147"}],"up":[{"embeddable":true,"href":"https:\/\/ambtallinn.esteri.it\/it\/wp-json\/wp\/v2\/pages\/13"}],"wp:attachment":[{"href":"https:\/\/ambtallinn.esteri.it\/it\/wp-json\/wp\/v2\/media?parent=41"}],"curies":[{"name":"wp","href":"https:\/\/api.w.org\/{rel}","templated":true}]}}