{"id":49,"date":"2023-04-11T18:13:11","date_gmt":"2023-04-11T16:13:11","guid":{"rendered":"https:\/\/ambasciatapraga.esteri.it\/?page_id=49"},"modified":"2025-12-08T16:48:54","modified_gmt":"2025-12-08T13:48:54","slug":"passaporti-e-carte-didentita","status":"publish","type":"page","link":"https:\/\/ambtallinn.esteri.it\/it\/servizi-consolari-e-visti\/servizi-per-il-cittadino-italiano\/passaporti-e-carte-didentita\/","title":{"rendered":"Passaporti"},"content":{"rendered":"<p>Puoi rinnovare il tuo passaporto o la tua carta di identit\u00e0 se sei iscritto nell\u2019Anagrafe degli Italiani Residenti all\u2019Estero (AIRE) nella circoscrizione consolare di Tallinn. Per informazioni su come iscriversi all&#8217;AIRE <a href=\"https:\/\/serviziconsolarionline.esteri.it\/ScoFE\/index.sco\">clicca qui<\/a>.<\/p>\n<p><strong>Passaporto<\/strong><\/p>\n<p>Il passaporto \u00e8 un documento che consente ai cittadini italiani di viaggiare in tutti i Paesi riconosciuti dal Governo italiano. Attualmente si rilascia un passaporto biometrico, costituito da un libretto di 48 pagine a modello unificato dotato di un microchip che contiene le informazioni relative ai dati anagrafici, la foto e le impronte digitali del titolare. Sono esentati dal rilascio delle impronte i minori sotto i 12 anni ed i cittadini italiani affetti da malattia o altro impedimento, certificato con le modalit\u00e0 previste dalla legge.<\/p>\n<p>Per l\u2019emissione del passaporto, se non sei iscritto all\u2019AIRE di Tallinn, l\u2019Ambasciata, in presenza delle condizioni per procedere al rilascio al di fuori della circoscrizione di residenza, dovr\u00e0 richiedere una specifica autorizzazione e delega all\u2019emissione del passaporto alla Questura italiana o alla rappresentanza diplomatico-consolare presso la quale sei iscritto.<\/p>\n<p>Prima di avviare la procedura di richiesta del passaporto o della tua Carta d\u2019Identit\u00e0, assicurati che il tuo stato civile sia aggiornato e che tutti gli atti necessari all\u2019emissione di un nuovo documento (certificati di nascita, di matrimonio, eventuali sentenze di divorzio e provvedimenti di cambio nome e\/o cognome) siano gi\u00e0 stati acquisiti dall\u2019Ambasciata. Per informazioni sull\u2019aggiornamento dello stato civile, visita\u00a0<a href=\"https:\/\/ambtallinn.esteri.it\/it\/servizi-consolari-e-visti\/servizi-per-il-cittadino-italiano\/stato-civile\/\">l\u2019apposita sezione<\/a>.<\/p>\n<p>Si informano i connazionali,<strong>\u00a0genitori di figli minori<\/strong>, che dal 14 giugno 2023\u00a0<strong>non \u00e8 pi\u00f9 necessario presentare l\u2019atto di assenso dell\u2019altro genitore<\/strong>\u00a0ai fini del rilascio del proprio documento di viaggio, ai sensi del D.L. 69\/2023.<\/p>\n<p>Nello specifico il novellato articolo 3-bis della L. 1185\/1967 indica che, quando vi \u00e8 concreto e attuale pericolo che a causa del trasferimento all\u2019estero\u00a0questo\u00a0possa sottrarsi all\u2019adempimento dei suoi obblighi verso i figli, sar\u00e0 possibile per l\u2019altro genitore richiedere una inibitoria al rilascio del documento. L\u2019istanza potr\u00e0 essere presentata presso il giudice competente presso il Tribunale ordinario in cui il minore ha la residenza abituale ovvero, se il minore \u00e8 residente all\u2019estero, il Tribunale nel cui circondario si trova il suo Comune di iscrizione AIRE.<\/p>\n<p>Ai fini del rilascio dei documenti per i minori, invece, resta l\u2019obbligo dell\u2019assenso firmato da entrambi i genitori o da chi esercita la responsabilit\u00e0 genitoriale.<\/p>\n<p><strong>Tariffa unica per il rilascio del passaporto <\/strong><\/p>\n<p>Dal <strong>1\u00b0 dicembre 2025 <\/strong>il passaporto \u00e8 soggetto ad una tariffa unica di <strong>Euro 116,20<\/strong>. Il pagamento pu\u00f2 essere effettuato tramite versamento sul conto corrente dell\u2019ambasciata.<\/p>\n<p>L\u2019intestatario del conto \u00e8 <em>Italian Embassy in Estonia<\/em>:<\/p>\n<ul>\n<li>IBAN: EE201700017004734187<\/li>\n<li>nella causale indicare il cognome ed il nome del richiedente (ad esempio: Rossi Mario \u2013 Passaporto)<\/li>\n<\/ul>\n<p>La procedura per rinnovare il passaporto \u00e8 descritta in dettaglio nelle seguenti pagine:<\/p>\n<p><strong>Passaporto per i maggiorenni senza figli minori<\/strong><\/p>\n<p>Se il tuo stato civile \u00e8 aggiornato, puoi trasmettere la domanda inviando una mail all\u2019indirizzo <a href=\"mailto:consolare.tallinn@esteri.it\">consolare.tallinn@esteri.it<\/a> e allegando:<\/p>\n<ul>\n<li>il\u00a0<a href=\"https:\/\/ambtallinn.esteri.it\/it\/servizi-consolari-e-visti\/servizi-per-il-cittadino-italiano\/albo-consolare-e-altri-servizi\/modulistica\/\">modulo di richiesta\u00a0<\/a>di emissione del nuovo passaporto, firmato e scansionato o firmato digitalmente;<\/li>\n<li>una copia del precedente passaporto (se disponibile);<\/li>\n<li>un documento di identit\u00e0 italiano in corso di validit\u00e0 o estone in corso di validit\u00e0;<\/li>\n<li>nel caso di smarrimento\/furto del passaporto, occorre la copia della denuncia di smarrimento\/furto presso <a href=\"https:\/\/ambtallinn.esteri.it\/it\/chi-siamo\/numeri-di-emergenza\/\">la Polizia locale<\/a>.<\/li>\n<\/ul>\n<p>Successivamente alle verifiche previste dalle disposizioni vigenti, la Sezione Consolare provveder\u00e0 a fissare un appuntamento.<\/p>\n<p>Il giorno dell\u2019appuntamento dovrai presentarti in Ambasciata con la seguente documentazione:<\/p>\n<ul>\n<li>il\u00a0<a href=\"https:\/\/ambtallinn.esteri.it\/it\/servizi-consolari-e-visti\/servizi-per-il-cittadino-italiano\/albo-consolare-e-altri-servizi\/modulistica\/\">modulo di richiesta\u00a0<\/a>di emissione del nuovo passaporto in originale (non necessario se trasmesso precedentemente firmato digitalmente);<\/li>\n<li>il precedente passaporto (se disponibile);<\/li>\n<\/ul>\n<ul>\n<li>un documento di identit\u00e0 italiano in corso di validit\u00e0 o estone in corso di validit\u00e0;<\/li>\n<\/ul>\n<ul>\n<li>nel caso di smarrimento\/furto del passaporto, occorre la copia della denuncia di smarrimento\/furto presso la Polizia locale;<\/li>\n<li>ricevuta del versamento\/bonifico della tassa di Euro 116,20\u20ac<\/li>\n<li>sul conto corrente dell\u2019Ambasciata.<\/li>\n<\/ul>\n<p><strong>Passaporto per i maggiorenni con figli minori<\/strong><\/p>\n<p>Se il tuo stato civile \u00e8 aggiornato, puoi trasmettere la domanda inviando una mail all\u2019indirizzo <a href=\"mailto:consolare.tallinn@esteri.it\">consolare.tallinn@esteri.it<\/a> e allegando:<\/p>\n<ul>\n<li>il\u00a0<a href=\"https:\/\/ambtallinn.esteri.it\/it\/servizi-consolari-e-visti\/servizi-per-il-cittadino-italiano\/albo-consolare-e-altri-servizi\/modulistica\/\">modulo di richiesta\u00a0<\/a>di emissione del nuovo passaporto, firmato e scansionato o firmato digitalmente;<\/li>\n<li><strong>la dichiarazione di assenza di cause ostative <\/strong>firmata e scansionata o firmata digitalmente;<\/li>\n<li>una copia del precedente passaporto (se disponibile);<\/li>\n<li>un documento di identit\u00e0 italiano in corso di validit\u00e0 o estone in corso di validit\u00e0;<\/li>\n<li>nel caso di smarrimento\/furto del passaporto, occorre la copia della denuncia di smarrimento\/furto presso <a href=\"https:\/\/ambtallinn.esteri.it\/it\/chi-siamo\/numeri-di-emergenza\/\">la Polizia locale.<\/a><\/li>\n<\/ul>\n<p>Successivamente alle verifiche previste dalle disposizioni vigenti, la Sezione Consolare provveder\u00e0 a fissare un appuntamento.<\/p>\n<p>Il giorno dell\u2019appuntamento dovrai presentarti in Ambasciata con la seguente documentazione:<\/p>\n<ul>\n<li>il\u00a0<a href=\"https:\/\/ambtallinn.esteri.it\/it\/servizi-consolari-e-visti\/servizi-per-il-cittadino-italiano\/albo-consolare-e-altri-servizi\/modulistica\/\">modulo di richiesta\u00a0<\/a>di emissione del nuovo passaporto in originale (non necessario se trasmesso precedentemente firmato digitalmente);<\/li>\n<li>la dichiarazione di assenza di cause ostative;<\/li>\n<li>il precedente passaporto (se disponibile);<\/li>\n<\/ul>\n<ul>\n<li>un documento di identit\u00e0 italiano in corso di validit\u00e0 o estone in corso di validit\u00e0;<\/li>\n<\/ul>\n<ul>\n<li>nel caso di smarrimento\/furto del passaporto, occorre la copia della denuncia di smarrimento\/furto presso <a href=\"https:\/\/ambtallinn.esteri.it\/it\/chi-siamo\/numeri-di-emergenza\/\">la Polizia locale<\/a>;<\/li>\n<li>ricevuta del versamento\/bonifico della tassa di Euro 116,20\u20ac sul conto corrente dell\u2019Ambasciata.<\/li>\n<\/ul>\n<p><strong>Passaporto per minorenni<\/strong><\/p>\n<p><strong>Se l\u2019atto di nascita del minore \u00e8 stato trascritto presso il Comune italiano competente<\/strong>, puoi trasmettere la domanda per il rilascio del suo passaporto inviando una email a <a href=\"mailto:consolare.tallinn@esteri.it\">consolare.tallinn@esteri.it<\/a> alla quale sar\u00e0 necessario allegare:<\/p>\n<ul>\n<li><a href=\"https:\/\/ambtallinn.esteri.it\/it\/servizi-consolari-e-visti\/servizi-per-il-cittadino-italiano\/albo-consolare-e-altri-servizi\/modulistica\/\" target=\"_blank\" rel=\"noopener\">il modulo di richiesta<\/a> per l\u2019emissione del nuovo passaporto firmato da entrambi i genitori e scansionato o firmato digitalmente;<\/li>\n<li>un documento di riconoscimento di entrambi i genitori\u00a0con foto e firma (es. carta d\u2019identit\u00e0 o passaporto);<\/li>\n<li>un documento di riconoscimento del minore\u00a0(se disponibile);<\/li>\n<li>il precedente passaporto\u00a0del minore anche se scaduto o deteriorato;<\/li>\n<li>in caso di smarrimento\/furto del passaporto in corso di validit\u00e0, \u00e8 necessaria la copia della denuncia di smarrimento\/furto presso <a href=\"https:\/\/ambtallinn.esteri.it\/it\/chi-siamo\/numeri-di-emergenza\/\">la Polizia locale.<\/a><\/li>\n<\/ul>\n<p>Successivamente alle verifiche della documentazione trasmessa sar\u00e0 fissato un appuntamento in Ambasciata, al quale <strong>\u00e8 obbligatoria la presenza del minore e di entrambi i genitori con i seguenti documenti:<\/strong><\/p>\n<ul>\n<li>se minore di anni 12,\u00a0<strong>1 fototessera del bambino formato fototessera conformi agli\u00a0<\/strong><a href=\"https:\/\/www.icao.int\/Security\/mrtd\/Downloads\/technical%20reports\/annex_A-photograph_guidelines.pdf\"><strong>standard ICAO<\/strong><\/a><\/li>\n<li><a href=\"https:\/\/ambtallinn.esteri.it\/it\/servizi-consolari-e-visti\/servizi-per-il-cittadino-italiano\/albo-consolare-e-altri-servizi\/modulistica\/\" target=\"_blank\" rel=\"noopener\">il modulo di richiesta\u00a0<\/a>per l\u2019emissione del nuovo passaporto firmato da entrambi i genitori in originale (non necessario se trasmesso precedentemente firmato digitalmente <u>da entrambi i genitori<\/u>);<\/li>\n<li>un documento di riconoscimento di entrambi i genitori\u00a0con foto e firma (es. carta d\u2019identit\u00e0 o passaporto);<\/li>\n<li>un documento di riconoscimento del minore\u00a0(se disponibile);<\/li>\n<li>il precedente passaporto\u00a0del minore anche se scaduto o deteriorato;<\/li>\n<li>in caso di smarrimento\/furto del passaporto in corso di validit\u00e0, \u00e8 necessaria la copia della denuncia di smarrimento\/furto presso <a href=\"https:\/\/ambtallinn.esteri.it\/it\/chi-siamo\/numeri-di-emergenza\/\">la Polizia locale<\/a>.<\/li>\n<\/ul>\n<p><strong>Attenzione!<\/strong><\/p>\n<p>Per richiedere il passaporto per un minore \u00e8 indispensabile che la domanda sia firmata da entrambi i genitori. Questo documento \u00e8 necessario anche in caso di coppie non sposate, separate o divorziate e anche se i figli minori sono gi\u00e0 titolari di passaporto individuale. Le disposizioni che si applicano sono le seguenti:<\/p>\n<ul>\n<li>se uno dei due genitori NON \u00e8 cittadino UE dovr\u00e0 necessariamente presentarsi in Ambasciata con l\u2019altro genitore e dovr\u00e0 firmare la domanda di fronte al personale dell\u2019Ambasciata, che ne autenticher\u00e0 la firma. Nel caso in cui uno dei genitori sia in Italia o all\u2019estero, dovr\u00e0 firmare l\u2019Atto di assenso alla presenza di un Pubblico Ufficiale in Italia oppure presso un\u2019Ambasciata o un Consolato italiano nel paese in cui si trova;<\/li>\n<li>in caso di\u00a0decesso di uno dei genitori, dovrai portare con te anche una copia originale del certificato di morte. Se il decesso \u00e8 avvenuto in un Paese diverso dall\u2019Estonia o dall\u2019Italia, il certificato di morte deve essere presentato esclusivamente con traduzione legalizzata in Italiano o in formato multilingua;<\/li>\n<li>se non \u00e8 possibile ottenere l\u2019assenso da parte dell\u2019altro genitore, l\u2019emissione del passaporto del minore potr\u00e0 avvenire solo\u00a0per ragioni che dovranno essere provate da motivazioni solide e adeguata documentazione e a seguito di un apposito decreto emesso dal Giudice tutelare.<\/li>\n<\/ul>\n","protected":false},"excerpt":{"rendered":"Puoi rinnovare il tuo passaporto o la tua carta di identit\u00e0 se sei iscritto nell\u2019Anagrafe degli Italiani Residenti all\u2019Estero (AIRE) nella circoscrizione consolare di Tallinn. Per informazioni su come iscriversi all&#8217;AIRE clicca qui. Passaporto Il passaporto \u00e8 un documento che consente ai cittadini italiani di viaggiare in tutti i Paesi riconosciuti dal Governo italiano. Attualmente [&hellip;]","protected":false},"author":1,"featured_media":0,"parent":47,"menu_order":0,"comment_status":"closed","ping_status":"closed","template":"","meta":{"footnotes":""},"class_list":["post-49","page","type-page","status-publish","hentry"],"_links":{"self":[{"href":"https:\/\/ambtallinn.esteri.it\/it\/wp-json\/wp\/v2\/pages\/49","targetHints":{"allow":["GET"]}}],"collection":[{"href":"https:\/\/ambtallinn.esteri.it\/it\/wp-json\/wp\/v2\/pages"}],"about":[{"href":"https:\/\/ambtallinn.esteri.it\/it\/wp-json\/wp\/v2\/types\/page"}],"author":[{"embeddable":true,"href":"https:\/\/ambtallinn.esteri.it\/it\/wp-json\/wp\/v2\/users\/1"}],"replies":[{"embeddable":true,"href":"https:\/\/ambtallinn.esteri.it\/it\/wp-json\/wp\/v2\/comments?post=49"}],"version-history":[{"count":8,"href":"https:\/\/ambtallinn.esteri.it\/it\/wp-json\/wp\/v2\/pages\/49\/revisions"}],"predecessor-version":[{"id":3355,"href":"https:\/\/ambtallinn.esteri.it\/it\/wp-json\/wp\/v2\/pages\/49\/revisions\/3355"}],"up":[{"embeddable":true,"href":"https:\/\/ambtallinn.esteri.it\/it\/wp-json\/wp\/v2\/pages\/47"}],"wp:attachment":[{"href":"https:\/\/ambtallinn.esteri.it\/it\/wp-json\/wp\/v2\/media?parent=49"}],"curies":[{"name":"wp","href":"https:\/\/api.w.org\/{rel}","templated":true}]}}