{"id":659,"date":"2023-07-13T10:16:58","date_gmt":"2023-07-13T07:16:58","guid":{"rendered":"https:\/\/ambtallinn.esteri.it\/?page_id=659"},"modified":"2025-04-09T10:26:48","modified_gmt":"2025-04-09T07:26:48","slug":"assistenza-sanitaria-ed-economica","status":"publish","type":"page","link":"https:\/\/ambtallinn.esteri.it\/it\/servizi-consolari-e-visti\/servizi-per-il-cittadino-italiano\/pensioni-e-sicurezza-sociale\/assistenza-sanitaria-ed-economica\/","title":{"rendered":"Assistenza sanitaria ed economica"},"content":{"rendered":"<p>Il servizio di assistenza sociale \u00e8 destinato ai cittadini italiani che versano in una situazione di indigenza. I cittadini italiani possono ricevere dal Consolato un aiuto economico o di altro tipo per superare una momentanea difficolt\u00e0. Per informazioni pi\u00f9 dettagliate in questo settore vedasi il seguente <a href=\"https:\/\/www.esteri.it\/it\/servizi-consolari-e-visti\/italiani-all-estero\/assistenzacittadiniestero\/\">link<\/a>.<\/p>\n<h6>ASSISTENZA SANITARIA<\/h6>\n<p>Nella Repubblica dell\u2019Estonia, paese membro della Comunit\u00e0 Europea, \u00e8 riconosciuta la tessera sanitaria italiana, che d\u00e0 diritto all\u2019assistenza sanitaria per le sole emergenze.<\/p>\n<h6>ASSISTENZA ECONOMICA<\/h6>\n<p>L\u2019ufficio consolare di questa Ambasciata pu\u00f2 erogare un sussidio al cittadino italiano residente stabilmente nella circoscrizione consolare e che si trovi in una situazione di comprovata eccezionale necessit\u00e0, come un ritardo nell\u2019arrivo dell\u2019assegno di assistenza governativa, disabilit\u00e0, condizioni mediche particolari che comportano speciali spese mediche, dietetiche o farmaceutiche non coperte dall\u2019assistenza locale, eccetera. Il connazionale indigente dovr\u00e0 appunto provare, all\u2019occorrenza, la sua condizione di eccezionale necessit\u00e0 esibendo la documentazione che gli verr\u00e0 richiesta. I sussidi non possono superare il limite massimo stabilito dalle disposizioni ministeriali. In questo tipo di assistenza rientra anche il rilascio gratuito del passaporto italiano a cittadini in difficolt\u00e0 economiche. Il cittadino italiano in transito, che abbia subito il furto di denaro o altri documenti, pu\u00f2 anche richiedere l\u2019erogazione di un prestito con promessa di restituzione allo Stato italiano. La concessione del prestito \u00e8 subordinata alla valutazione dell\u2019ufficio consolare di questa Ambasciata. Per ulteriori informazioni rivolgersi direttamente all\u2019Ambasciata d\u2019Italia in Tallinn oppure consultare il sito del\u00a0<a href=\"https:\/\/www.esteri.it\/it\/servizi-consolari-e-visti\/italiani-all-estero\/assistenzacittadiniestero\/\">Ministro degli Affari Esteri e per la Cooperazione Internazionale.<\/a><\/p>\n","protected":false},"excerpt":{"rendered":"Il servizio di assistenza sociale \u00e8 destinato ai cittadini italiani che versano in una situazione di indigenza. I cittadini italiani possono ricevere dal Consolato un aiuto economico o di altro tipo per superare una momentanea difficolt\u00e0. Per informazioni pi\u00f9 dettagliate in questo settore vedasi il seguente link. ASSISTENZA SANITARIA Nella Repubblica dell\u2019Estonia, paese membro della [&hellip;]","protected":false},"author":5,"featured_media":0,"parent":72,"menu_order":0,"comment_status":"closed","ping_status":"closed","template":"","meta":{"footnotes":""},"class_list":["post-659","page","type-page","status-publish","hentry"],"_links":{"self":[{"href":"https:\/\/ambtallinn.esteri.it\/it\/wp-json\/wp\/v2\/pages\/659","targetHints":{"allow":["GET"]}}],"collection":[{"href":"https:\/\/ambtallinn.esteri.it\/it\/wp-json\/wp\/v2\/pages"}],"about":[{"href":"https:\/\/ambtallinn.esteri.it\/it\/wp-json\/wp\/v2\/types\/page"}],"author":[{"embeddable":true,"href":"https:\/\/ambtallinn.esteri.it\/it\/wp-json\/wp\/v2\/users\/5"}],"replies":[{"embeddable":true,"href":"https:\/\/ambtallinn.esteri.it\/it\/wp-json\/wp\/v2\/comments?post=659"}],"version-history":[{"count":3,"href":"https:\/\/ambtallinn.esteri.it\/it\/wp-json\/wp\/v2\/pages\/659\/revisions"}],"predecessor-version":[{"id":2771,"href":"https:\/\/ambtallinn.esteri.it\/it\/wp-json\/wp\/v2\/pages\/659\/revisions\/2771"}],"up":[{"embeddable":true,"href":"https:\/\/ambtallinn.esteri.it\/it\/wp-json\/wp\/v2\/pages\/72"}],"wp:attachment":[{"href":"https:\/\/ambtallinn.esteri.it\/it\/wp-json\/wp\/v2\/media?parent=659"}],"curies":[{"name":"wp","href":"https:\/\/api.w.org\/{rel}","templated":true}]}}