{"id":665,"date":"2023-07-13T10:34:43","date_gmt":"2023-07-13T07:34:43","guid":{"rendered":"https:\/\/ambtallinn.esteri.it\/?page_id=665"},"modified":"2023-07-13T10:34:43","modified_gmt":"2023-07-13T07:34:43","slug":"rimpatri-e-rimpatri-sanitari","status":"publish","type":"page","link":"https:\/\/ambtallinn.esteri.it\/it\/servizi-consolari-e-visti\/servizi-per-il-cittadino-italiano\/pensioni-e-sicurezza-sociale\/rimpatri-e-rimpatri-sanitari\/","title":{"rendered":"Rimpatri e rimpatri sanitari"},"content":{"rendered":"<p>Un settore particolarmente delicato dell\u2019attivit\u00e0 di assistenza ai cittadini italiani all\u2019estero riguarda il rimpatrio dei connazionali che si trovino in Paesi stranieri in situazioni di gravi difficolt\u00e0, non superabili in loco. Gli interventi della Farnesina, in collaborazione con gli enti territorialmente competenti (Prefetture, Questure, Comuni, Unit\u00e0 Sanitarie Locali, Servizi Sociali), riguardano:<\/p>\n<ul>\n<li>connazionali emigrati, che si trovino nella necessit\u00e0 di rientrare in Italia in via definitiva per motivi economici o sanitari;<\/li>\n<li>minori in stato di abbandono;<\/li>\n<li>malati di mente (la procedura in questo caso \u00e8 assai complessa, perch\u00e9 richiede la presenza di uno o pi\u00f9 accompagnatori qualificati, nonch\u00e9 il reperimento di ospedali specializzati);<\/li>\n<li>cittadini italiani al termine della detenzione o espulsi;<\/li>\n<li>anziani soli per i quali venga richiesto il ricovero in case di riposo in Italia;<\/li>\n<li>ammalati gravi che non possono essere curati in loco per mancanza di idonee strutture.<\/li>\n<\/ul>\n<p>I rimpatri a carico dell&#8217;Erario sono limitati ai casi di comprovata indigenza verificati dalla rete diplomatico-consolare; in tutti gli altri casi il rimpatrio avviene previa sottoscrizione di prestiti con promessa di restituzione all\u2019Erario.<\/p>\n<h5><strong>RIMPATRIO DELLE SALME<\/strong><\/h5>\n<p>Perdere una persona cara \u00e8 sempre motivo di grande dolore, ma se questo dovesse succedere all&#8217;estero, al dolore si aggiunge la necessit\u00e0 di risolvere alcuni problemi pratici.<\/p>\n<p>Qui di seguito diamo delle indicazioni sulla soluzione di tali problemi.<\/p>\n<p>Per il rimpatrio della salma, una volta contattata la Rappresentanza italiana all&#8217;estero, sar\u00e0 inoltrata una richiesta al competente Comune italiano per ottenere il &#8220;nulla osta all&#8217;introduzione della salma&#8221;. Avuto il &#8220;nulla osta&#8221; dal Comune, l&#8217;agenzia di pompe funebri, incaricata dai familiari del rimpatrio a proprie spese della salma, potr\u00e0 procedere.<\/p>\n<p><strong>E&#8217; peraltro possibile rivolgersi alle Regioni ed agli enti locali per eventuali rimborsi o contributi.<\/strong><\/p>\n<p>In caso di decesso di connazionali residenti all&#8217;estero in stato di accertata indigenza, il Consolato o l&#8217;Ambasciata contattati potranno prestare assistenza ai familiari indigenti, residenti all&#8217;estero, del connazionale deceduto, mediante rimborso totale o parziale delle spese funebri sostenute in loco, regolarmente documentate.<\/p>\n","protected":false},"excerpt":{"rendered":"Un settore particolarmente delicato dell\u2019attivit\u00e0 di assistenza ai cittadini italiani all\u2019estero riguarda il rimpatrio dei connazionali che si trovino in Paesi stranieri in situazioni di gravi difficolt\u00e0, non superabili in loco. Gli interventi della Farnesina, in collaborazione con gli enti territorialmente competenti (Prefetture, Questure, Comuni, Unit\u00e0 Sanitarie Locali, Servizi Sociali), riguardano: connazionali emigrati, che si [&hellip;]","protected":false},"author":5,"featured_media":0,"parent":72,"menu_order":2,"comment_status":"closed","ping_status":"closed","template":"","meta":{"footnotes":""},"class_list":["post-665","page","type-page","status-publish","hentry"],"_links":{"self":[{"href":"https:\/\/ambtallinn.esteri.it\/it\/wp-json\/wp\/v2\/pages\/665","targetHints":{"allow":["GET"]}}],"collection":[{"href":"https:\/\/ambtallinn.esteri.it\/it\/wp-json\/wp\/v2\/pages"}],"about":[{"href":"https:\/\/ambtallinn.esteri.it\/it\/wp-json\/wp\/v2\/types\/page"}],"author":[{"embeddable":true,"href":"https:\/\/ambtallinn.esteri.it\/it\/wp-json\/wp\/v2\/users\/5"}],"replies":[{"embeddable":true,"href":"https:\/\/ambtallinn.esteri.it\/it\/wp-json\/wp\/v2\/comments?post=665"}],"version-history":[{"count":1,"href":"https:\/\/ambtallinn.esteri.it\/it\/wp-json\/wp\/v2\/pages\/665\/revisions"}],"predecessor-version":[{"id":666,"href":"https:\/\/ambtallinn.esteri.it\/it\/wp-json\/wp\/v2\/pages\/665\/revisions\/666"}],"up":[{"embeddable":true,"href":"https:\/\/ambtallinn.esteri.it\/it\/wp-json\/wp\/v2\/pages\/72"}],"wp:attachment":[{"href":"https:\/\/ambtallinn.esteri.it\/it\/wp-json\/wp\/v2\/media?parent=665"}],"curies":[{"name":"wp","href":"https:\/\/api.w.org\/{rel}","templated":true}]}}