{"id":68,"date":"2023-04-11T18:18:08","date_gmt":"2023-04-11T16:18:08","guid":{"rendered":"https:\/\/ambasciatapraga.esteri.it\/?page_id=68"},"modified":"2025-09-18T15:43:49","modified_gmt":"2025-09-18T12:43:49","slug":"stato-civile","status":"publish","type":"page","link":"https:\/\/ambtallinn.esteri.it\/it\/servizi-consolari-e-visti\/servizi-per-il-cittadino-italiano\/stato-civile\/","title":{"rendered":"Stato Civile"},"content":{"rendered":"<p><strong>DOVERI DEL CITTADINO<\/strong><\/p>\n<p><strong>Ricordiamo che \u00e8 obbligo del cittadino italiano provvedere all\u2019aggiornamento tempestivo della propria situazione anagrafica e di stato civile.\u00a0<\/strong><\/p>\n<p>L\u2019art. 15 del Decreto del Presidente della Repubblica 396\/2000 prevede che le\u00a0<strong>dichiarazioni relative allo stato civile<\/strong> di cittadini italiani residenti all\u2019estero siano rese all\u2019autorit\u00e0 consolare e <strong>copia dell\u2019atto \u00e8 inviata\u00a0senza indugio, a cura del dichiarante<\/strong>.<\/p>\n<p><strong>L&#8217;ATTIVITA&#8217; CONSOLARE<\/strong><\/p>\n<p>L\u2019ufficio consolare dell\u2019Ambasciata d\u2019Italia a Tallinn si occupa di trasmettere al Comune di residenza A.I.R.E. i certificati di nascita, matrimonio, divorzio o decesso per la successiva trascrizione di questi nei registri di stato civile dei Comuni di propria residenza A.I.R.E. o Comune di residenza in Italia.<\/p>\n<p>Ne consegue che anche i connazionali non residenti e non iscritti all\u2019A.I.R.E. debbano rivolgersi all\u2019ufficio consolare di questa Ambasciata per inoltrare i documenti di cui sopra, in caso di matrimonio, di divorzio, di nascita di un figlio o di decesso di qualche familiare.<\/p>\n<p>I certificati di nascita, di matrimonio, di divorzio e di decesso devono essere richiesti su modello internazionale o plurilingue e devono essere consegnati all\u2019ufficio consolare di questa Ambasciata in originale.<\/p>\n<h4>NASCITA<\/h4>\n<p>Il decreto-legge n.36\/2025 del 28\/03\/2025 e la successiva legge di conversione n.74 del 23\/05\/2025 hanno introdotto importanti modifiche alla trasmissione della cittadinanza italiana. Il nuovo articolo 3-bis della legge n. 91\/1992 limita i meccanismi esistenti di trasmissione automatica della cittadinanza e si applica anche alle richieste di trascrizione dell\u2019atto di nascita del figlio minorenne nato all\u2019estero da un cittadino italiano.<\/p>\n<p><strong>Il minore nato all\u2019estero<\/strong>\u00a0<strong>da un genitore cittadino italiano<\/strong>\u00a0<strong>non \u00e8 automaticamente cittadino italiano<\/strong>\u00a0<strong>ma\u00a0<u>soltanto se ricorre<\/u><\/strong><u>\u00a0<strong>almeno una delle seguenti condizioni<\/strong><\/u>:<\/p>\n<ul>\n<li>Il minore non ha, n\u00e9 pu\u00f2 avere un\u2019altra cittadinanza.<\/li>\n<\/ul>\n<ul>\n<li>Il minore \u00e8 in possesso di un\u2019altra cittadinanza e il genitore cittadino italiano \u00e8 stato residente in Italia per almeno 2 anni continuativi prima della data di nascita del figlio\/a.<\/li>\n<\/ul>\n<ul>\n<li>Il minore \u00e8 in possesso di un\u2019altra cittadinanza e un genitore possiede esclusivamente la cittadinanza italiana.<\/li>\n<li>Il minore \u00e8 in possesso di un\u2019altra cittadinanza e un nonno\/nonna possiede al momento della nascita del minore \u2013 o possedeva al momento della sua morte \u2013 esclusivamente la cittadinanza italiana.<\/li>\n<\/ul>\n<p>Le modifiche normative in materia di cittadinanza escludono la trasmissione della cittadinanza italiana se il minore nato all\u2019estero da genitore italiano non rientra in una delle categorie sopra esposte.<\/p>\n<p>Qualora il minore non rientri in una delle categorie sopra esposte, dovr\u00e0 verificarsi se, in base alle disposizioni contenute nel link <a href=\"https:\/\/ambtallinn.esteri.it\/it\/servizi-consolari-e-visti\/servizi-per-il-cittadino-straniero\/cittadinanza\/acquisto-della-cittadinanza-per-beneficio-di-legge-figli-minori-nati-allestero\/\" target=\"_blank\" rel=\"noopener\"><em>Acquisto della cittadinanza per \u201cbeneficio di legge\u201d (figli minori nati all\u2019estero) del sito<\/em><\/a> sia possibile effettuare la dichiarazione di acquisto della cittadinanza italiana per \u201cbeneficio di legge\u201d ai sensi dell\u2019art. 1 ter.<\/p>\n<p>Per comunicare una nascita, il connazionale\u00a0\u00e8 tenuto a depositare o inviare per posta in originale alla Sezione Consolare dell\u2019Ambasciata d\u2019Italia a Tallinn:<\/p>\n<ul>\n<li><a href=\"https:\/\/ambtallinn.esteri.it\/it\/servizi-consolari-e-visti\/servizi-per-il-cittadino-italiano\/albo-consolare-e-altri-servizi\/modulistica\/\" target=\"_blank\" rel=\"noopener\">Modulo di richiesta &#8211; RICHIESTA TRASCRIZIONE NASCITA E ISCRIZIONE AIRE<\/a><\/li>\n<li>Certificato di nascita internazionale in originale cartaceo su modello CIEC rilasciato dall\u2019Ufficio Stato Civile estone (&#8220;S\u00fcnnit\u00f5endi mitmekeelne v\u00e4ljav\u00f5te\u201d)<\/li>\n<li>certificazione attestante il possesso esclusivo della cittadinanza italiana per un genitore o un ascendente di secondo grado (nonno\/a) oppure certificato di residenza storico emesso dal Comune italiano.<\/li>\n<li><a href=\"https:\/\/ambtallinn.esteri.it\/it\/servizi-consolari-e-visti\/servizi-per-il-cittadino-italiano\/albo-consolare-e-altri-servizi\/modulistica\/\" target=\"_blank\" rel=\"noopener\">Modulo attestante il riconoscimento di figlio naturale <\/a>in caso di figli nati da genitori non legati da vincolo matrimoniale. Il riconoscimento di figlio naturale pu\u00f2 risultare anche da una sentenza straniera che potr\u00e0 essere riconosciuta in Italia, qualora essa sia conforme ai requisiti previsti dalla Legge n.218\/1995.<\/li>\n<li>Fotocopie dei documenti d&#8217;identit\u00e0 dei genitori<\/li>\n<\/ul>\n<p>I minori residenti in Estonia verranno iscritti automaticamente all\u2019AIRE contestualmente alla richiesta di trascrizione della nascita.<\/p>\n<h4>MATRIMONIO<\/h4>\n<p>Il matrimonio celebrato all\u2019estero deve essere trascritto in Italia presso il Comune di iscrizione A.I.R.E. o il Comune di residenza in Italia.<\/p>\n<p>Il cittadino italiano residente in Italia dovr\u00e0 rivolgersi al comune di propria residenza per richiedere le pubblicazioni di matrimonio per poter poi contrarre matrimonio innanzi alle Autorit\u00e0 straniere.<\/p>\n<p>Sar\u00e0 cura dell\u2019interessato presentare all\u2019ufficio consolare di questa Ambasciata il certificato internazionale (su modello plurilingue) di matrimonio rilasciato dalle Autorit\u00e0 locali.<\/p>\n<h4>DIVORZIO<\/h4>\n<p>Una sentenza di divorzio pronunciata all\u2019estero non \u00e8 considerata automaticamente valida in Italia. Andr\u00e0 quindi inviata al Comune di iscrizione A.I.R.E. o Comune di residenza in Italia, affinch\u00e9 venga riconosciuta anche in Italia, con conseguente cambio del proprio stato civile da coniugata\/o a divorziata\/o.<\/p>\n<p>Si ricorda che essendo l\u2019Estonia un paese membro della Comunit\u00e0 Europea, gli interessati il cui divorzio sia stato pronunciato dopo il 01.03.2001, possono richiedere all\u2019istituzione che ha emesso la sentenza di divorzio, il certificato di cui all\u2019art. 39 in materia matrimoniale e di responsabilit\u00e0 genitoriale (che non necessita di traduzione giurata e conseguente legalizzazione della firma del traduttore giurato).<\/p>\n<p>Qualora, invece, il divorzio sia stato pronunciato prima del 01.03.2001 gli interessati dovranno presentare all\u2019ufficio consolare di questa Ambasciata la sentenza di divorzio passata in giudicato debitamente tradotta da un traduttore giurato, la cui firma verr\u00e0 legalizzata.<\/p>\n<p>I documenti che occorrono per la trascrizione del divorzio pronunciato dopo il 01.03.2001 sono:<\/p>\n<ul>\n<li>certificato (in originale o in copia conforme autenticata) di cui all\u2019art. 39 in materia matrimoniale e di responsabilit\u00e0 genitoriale\u00a0con eventuale allegato II in presenza di figli minori\u00a0che l\u2019interessata\/o dovr\u00e0 richiedere all\u2019istituzione che ha emesso la sentenza di divorzio, gi\u00e0 passata in giudicato;<\/li>\n<li>una dichiarazione sostitutiva di atto notorio su modello fornito dall\u2019ufficio consolare;<\/li>\n<li>documento di riconoscimento italiano (passaporto o carta d\u2019identit\u00e0)<\/li>\n<li>sentenza del divorzio passata in giudicato, di cui si terr\u00e0 copia agli atti dellufficio consolare di questa Ambasciata.<\/li>\n<\/ul>\n<p>I documenti che occorrono per la trascrizione del divorzio pronunciato prima del 01.03.2001 sono:<\/p>\n<ul>\n<li>sentenza di divorzio (in originale o in copia conforme autenticata) passata in giudicato, debitamente tradotta da un traduttore giurato, la cui firma verr\u00e0 legalizzata;<\/li>\n<li>una dichiarazione sostitutiva di atto notorio su modello fornito dall\u2019ufficio consolare;<\/li>\n<li>documento di riconoscimento italiano (passaporto o carta d\u2019identit\u00e0).<\/li>\n<\/ul>\n<h4>SEPARAZIONE<\/h4>\n<p>Anche una sentenza di separazione pronunciata all\u2019estero non \u00e8 considerata automaticamente valida in Italia. Andr\u00e0 quindi inviata al Comune di iscrizione A.I.R.E. o Comune di residenza in Italia, affinch\u00e9 venga riconosciuta anche in Italia.<\/p>\n<p>I documenti che occorrono per la trascrizione della separazione:<\/p>\n<ul>\n<li>sentenza di separazione (in originale o in copia conforme autenticata) debitamente tradotta da un traduttore giurato, la cui firma verr\u00e0 legalizzata;<\/li>\n<li>una dichiarazione sostitutiva di atto notorio su modello fornito dall\u2019ufficio consolare;<\/li>\n<li>documento di riconoscimento italiano (passaporto o carta d\u2019identit\u00e0).<\/li>\n<\/ul>\n<h4>DECESSO<\/h4>\n<p>Il decesso di un cittadino italiano, avvenuto all\u2019estero, deve essere trascritto in Italia.<\/p>\n<p>I documenti necessari per registrare il decesso sono:<\/p>\n<ul>\n<li>atto di morte internazionale (su modello plurilingue) in originale, emesso dal competente Ufficio di Stato Civile dell\u2019Estonia;<\/li>\n<li>documento di riconoscimento italiano (passaporto o carta d\u2019identit\u00e0) della persona che consegna il certificato di decesso, nonch\u00e9 quello del defunto.<\/li>\n<\/ul>\n<p>Per ulteriori informazioni rivolgersi direttamente all\u2019Ambasciata d\u2019Italia in Tallinn oppure consultare il sito del\u00a0<a href=\"http:\/\/www.esteri.it\/\">Ministro degli Affari Esteri e per la Cooperazione Internazionale.<\/a><\/p>\n","protected":false},"excerpt":{"rendered":"DOVERI DEL CITTADINO Ricordiamo che \u00e8 obbligo del cittadino italiano provvedere all\u2019aggiornamento tempestivo della propria situazione anagrafica e di stato civile.\u00a0 L\u2019art. 15 del Decreto del Presidente della Repubblica 396\/2000 prevede che le\u00a0dichiarazioni relative allo stato civile di cittadini italiani residenti all\u2019estero siano rese all\u2019autorit\u00e0 consolare e copia dell\u2019atto \u00e8 inviata\u00a0senza indugio, a cura del [&hellip;]","protected":false},"author":1,"featured_media":0,"parent":47,"menu_order":4,"comment_status":"closed","ping_status":"closed","template":"","meta":{"footnotes":""},"class_list":["post-68","page","type-page","status-publish","hentry"],"_links":{"self":[{"href":"https:\/\/ambtallinn.esteri.it\/it\/wp-json\/wp\/v2\/pages\/68","targetHints":{"allow":["GET"]}}],"collection":[{"href":"https:\/\/ambtallinn.esteri.it\/it\/wp-json\/wp\/v2\/pages"}],"about":[{"href":"https:\/\/ambtallinn.esteri.it\/it\/wp-json\/wp\/v2\/types\/page"}],"author":[{"embeddable":true,"href":"https:\/\/ambtallinn.esteri.it\/it\/wp-json\/wp\/v2\/users\/1"}],"replies":[{"embeddable":true,"href":"https:\/\/ambtallinn.esteri.it\/it\/wp-json\/wp\/v2\/comments?post=68"}],"version-history":[{"count":7,"href":"https:\/\/ambtallinn.esteri.it\/it\/wp-json\/wp\/v2\/pages\/68\/revisions"}],"predecessor-version":[{"id":3070,"href":"https:\/\/ambtallinn.esteri.it\/it\/wp-json\/wp\/v2\/pages\/68\/revisions\/3070"}],"up":[{"embeddable":true,"href":"https:\/\/ambtallinn.esteri.it\/it\/wp-json\/wp\/v2\/pages\/47"}],"wp:attachment":[{"href":"https:\/\/ambtallinn.esteri.it\/it\/wp-json\/wp\/v2\/media?parent=68"}],"curies":[{"name":"wp","href":"https:\/\/api.w.org\/{rel}","templated":true}]}}