{"id":71,"date":"2023-04-11T18:19:16","date_gmt":"2023-04-11T16:19:16","guid":{"rendered":"https:\/\/ambasciatapraga.esteri.it\/?page_id=71"},"modified":"2025-04-09T10:25:53","modified_gmt":"2025-04-09T07:25:53","slug":"servizi-notarili","status":"publish","type":"page","link":"https:\/\/ambtallinn.esteri.it\/it\/servizi-consolari-e-visti\/servizi-per-il-cittadino-italiano\/servizi-notarili\/","title":{"rendered":"Servizi notarili"},"content":{"rendered":"<p style=\"text-align: justify;\" align=\"center\">Il primo comma dell\u2019art. 28 del D.lgs. n. 71\/2011 \u201cOrdinamento e funzioni degli uffici consolari\u201d, entrato in vigore il 28 maggio 2011, prescrive che l\u2019ufficio consolare eserciti alcune funzioni notarili previste dal nostro ordinamento <strong>esclusivamente nei confronti di cittadini italiani\u00a0<\/strong>che si trovano all\u2019estero in via permanente o temporanea. Essenzialmente si tratta del ricevimento di atti pubblici (procure, testamenti), di atti notori, di autenticazioni e di sottoscrizioni apposte a scritture private.<\/p>\n<p style=\"text-align: justify;\">Esistono tuttavia alcune differenze tra le competenze consolari in materia notarile e quelle attribuite ai notai esercenti in Italia, sostanzialmente connesse alla diversa posizione del Capo della Rappresentanza consolare, funzionario dello Stato, e quella del notaio, libero professionista.<\/p>\n<p style=\"text-align: justify;\">In effetti: il notaio pu\u00f2 anche essere chiamato a fungere da consulente legale del cliente; egli pertanto pu\u00f2 assumere informazioni circa la solvibilit\u00e0 di una persona o agire da mediatore in una transazione, oppure consigliare il cliente circa rapporti familiari o finanziari.\u00a0<strong>E\u2019 escluso che l\u2019Autorit\u00e0 consolare possa svolgere attivit\u00e0 analoghe<\/strong>. Il suo consiglio, se richiesto, deve essere limitato al campo giuridico, con particolare riguardo alla validit\u00e0 degli atti che le si domanda di ricevere. La sua assistenza deve limitarsi alla legalit\u00e0 degli atti prospettati e non alla loro utilit\u00e0 economica. Il notaio pu\u00f2 essere a volte il mandatario del cliente rispetto alla pubblicit\u00e0 e alla esecuzione di formalit\u00e0 relative agli atti da lui ricevuti.\u00a0<strong>Nessuna attivit\u00e0 di tale natura pu\u00f2, invece, essere svolta dal capo della Rappresentanza consolare.\u00a0<\/strong>Mentre il notaio ha diritto ad un onorario,\u00a0<strong>tutti gli atti consolari sono soggetti unicamente alla tassa indicata nella <a href=\"https:\/\/ambtallinn.esteri.it\/wp-content\/uploads\/2023\/06\/tabella_diritti_consolari.pdf\" target=\"_blank\" rel=\"noopener\">Tariffa consolare.<\/a><\/strong><\/p>\n<p style=\"text-align: justify;\">Il cittadino italiano all\u2019estero pu\u00f2, in alternativa, formalizzare l\u2019atto presso un pubblico notaio ufficialmente accreditato nel Paese di residenza. Se il documento \u00e8 redatto in estone, occorre farlo tradurre da un\u00a0<a href=\"https:\/\/www.just.ee\/en\/node\/153\">traduttore giurato<\/a>.<\/p>\n<p style=\"text-align: justify;\">Si prega di anticipare per email in formato word modificabile, all\u2019indirizzo consolare.tallinn@esteri.it, le bozze di procura gi\u00e0 predisposte da notaio, legale di fiducia o professionista, la scansione dei documenti d\u2019identit\u00e0 italiani in corso di validit\u00e0 e dei codici fiscali delle persone citate nell\u2019atto, la scansione di eventuale documentazione aggiuntiva.<\/p>\n<p style=\"text-align: justify;\">Il giorno dell\u2019appuntamento si prega di presentarsi muniti di documento di riconoscimento italiano in corso di validit\u00e0.<\/p>\n","protected":false},"excerpt":{"rendered":"Il primo comma dell\u2019art. 28 del D.lgs. n. 71\/2011 \u201cOrdinamento e funzioni degli uffici consolari\u201d, entrato in vigore il 28 maggio 2011, prescrive che l\u2019ufficio consolare eserciti alcune funzioni notarili previste dal nostro ordinamento esclusivamente nei confronti di cittadini italiani\u00a0che si trovano all\u2019estero in via permanente o temporanea. Essenzialmente si tratta del ricevimento di atti [&hellip;]","protected":false},"author":1,"featured_media":0,"parent":47,"menu_order":10,"comment_status":"closed","ping_status":"closed","template":"","meta":{"footnotes":""},"class_list":["post-71","page","type-page","status-publish","hentry"],"_links":{"self":[{"href":"https:\/\/ambtallinn.esteri.it\/it\/wp-json\/wp\/v2\/pages\/71","targetHints":{"allow":["GET"]}}],"collection":[{"href":"https:\/\/ambtallinn.esteri.it\/it\/wp-json\/wp\/v2\/pages"}],"about":[{"href":"https:\/\/ambtallinn.esteri.it\/it\/wp-json\/wp\/v2\/types\/page"}],"author":[{"embeddable":true,"href":"https:\/\/ambtallinn.esteri.it\/it\/wp-json\/wp\/v2\/users\/1"}],"replies":[{"embeddable":true,"href":"https:\/\/ambtallinn.esteri.it\/it\/wp-json\/wp\/v2\/comments?post=71"}],"version-history":[{"count":5,"href":"https:\/\/ambtallinn.esteri.it\/it\/wp-json\/wp\/v2\/pages\/71\/revisions"}],"predecessor-version":[{"id":2768,"href":"https:\/\/ambtallinn.esteri.it\/it\/wp-json\/wp\/v2\/pages\/71\/revisions\/2768"}],"up":[{"embeddable":true,"href":"https:\/\/ambtallinn.esteri.it\/it\/wp-json\/wp\/v2\/pages\/47"}],"wp:attachment":[{"href":"https:\/\/ambtallinn.esteri.it\/it\/wp-json\/wp\/v2\/media?parent=71"}],"curies":[{"name":"wp","href":"https:\/\/api.w.org\/{rel}","templated":true}]}}