{"id":716,"date":"2023-07-17T18:13:53","date_gmt":"2023-07-17T15:13:53","guid":{"rendered":"https:\/\/ambtallinn.esteri.it\/?page_id=716"},"modified":"2023-07-17T18:18:57","modified_gmt":"2023-07-17T15:18:57","slug":"minori-italiani-dichiarazione-di-accompagnamento","status":"publish","type":"page","link":"https:\/\/ambtallinn.esteri.it\/it\/servizi-consolari-e-visti\/servizi-per-il-cittadino-italiano\/minori-italiani-dichiarazione-di-accompagnamento\/","title":{"rendered":"Minori italiani &#8211; Dichiarazione di Accompagnamento"},"content":{"rendered":"<p style=\"text-align: justify;\">Nel caso in cui un\u00a0<strong>minore italiano che non ha compiuto quattordici anni viaggi<\/strong>\u00a0fuori dal Paese di residenza<strong>\u00a0non accompagnato da almeno uno dei genitori\u00a0<\/strong>(o da chi ne fa le veci)<strong>\u00a0\u00e8 necessario\u00a0<\/strong>richiedere una menzione sul passaporto italiano o una\u00a0<strong>dichiarazione di accompagnamento<\/strong>.<\/p>\n<p style=\"text-align: justify;\">I genitori &#8211; o gli esercenti la responsabilit\u00e0 genitoriale o tutoria &#8211; dovranno presentare una richiesta all\u2019Autorit\u00e0 competente al rilascio del passaporto al minore (Consolato per il minore residente all\u2019estero e iscritto all\u2019AIRE oppure Questura per i minori residenti in Italia) nella quale indicano il nome della\/e persona\/e o dell&#8217;ente\/compagnia di trasporto cui il minore \u00e8 affidato, chiedendo che la menzione venga apposta sul passaporto del minore o in un\u2019attestazione separata (art. 14, comma 2 della legge 21 novembre 1967, n. 1185).<\/p>\n<p style=\"text-align: justify;\"><strong>Oltre alla dichiarazione di accompagnamento, il minore dovr\u00e0 essere in possesso di un passaporto\/carta di identit\u00e0 in corso di validit\u00e0.<\/strong><\/p>\n<h5 style=\"text-align: justify;\">COME EFFETTUARE LA RICHIESTA DELLA DICHIARAZIONE DI ACCOMPAGNAMENTO<\/h5>\n<p style=\"text-align: justify;\">Per la richiesta della dichiarazione di accompagnamento devono essere presentati i seguenti documenti:<\/p>\n<ul style=\"text-align: justify;\">\n<li>Modulo di\u00a0<a href=\"https:\/\/ambtallinn.esteri.it\/wp-content\/uploads\/2023\/07\/dichiarazione_accompagnamento.doc\">dichiarazione accompagnamento<\/a>\u00a0compilato e firmato;<\/li>\n<li>Copia del documento d&#8217;identit\u00e0 in corso di validit\u00e0 che il minore utilizzer\u00e0 per il viaggio (passaporto o carta di identit\u00e0);<\/li>\n<li>Copia dei documenti d&#8217;identit\u00e0 dei genitori (o degli esercenti la responsabilit\u00e0 genitoriale o tutoria);<\/li>\n<li>Copia del documento d&#8217;identit\u00e0 dell\u2019accompagnatore (Si possono indicare fino ad un massimo di due accompagnatori alternativi fra loro).<\/li>\n<\/ul>\n<p style=\"text-align: justify;\">La richiesta della dichiarazione deve essere presentata, allegando la documentazione sopra indicata,\u00a0per email all\u2019indirizzo consolare.tallinn@esteri.it e sar\u00e0 rispedita con lo stesso mezzo.<\/p>\n<h5 style=\"text-align: justify;\">IMPORTANTE<\/h5>\n<p style=\"text-align: justify;\">Nel caso in cui uno dei genitori non sia cittadino dell&#8217;UE, la sua firma sul formulario di richiesta dovr\u00e0 essere fatta autenticare presso il nostro ufficio consolare, fissando un appuntamento chiamando +372 6276166 o mandando un&#8217;e-mail a: consolare.tallinn@esteri.it.<\/p>\n<p style=\"text-align: justify;\">La dichiarazione di accompagnamento \u00e8\u00a0<strong>gratuita\u00a0<\/strong>ed \u00e8 di norma\u00a0<strong>valida per un solo viaggio<\/strong>\u00a0(da intendersi come viaggio di &#8220;andata e ritorno&#8221;) fuori dal Paese di residenza del minore e con una destinazione programmata. Si consiglia comunque di inserire nella dichiarazione un periodo pi\u00f9 ampio della stretta durata del viaggio, in modo da non dover richiedere una nuova attestazione in caso di spostamenti\/cancellazioni dei voli\/treni.<\/p>\n<p style=\"text-align: justify;\">Il termine massimo di validit\u00e0 della dichiarazione, entro cui devono essere comprese la data di partenza e di rientro, \u00e8 di\u00a0<strong>6 mesi<\/strong>.\u00a0La validit\u00e0 non pu\u00f2 comunque superare la data di scadenza del passaporto del minore.<\/p>\n<p style=\"text-align: justify;\">Nel caso di viaggi che prevedono l\u2019attraversamento di diversi Stati, spetta ai genitori (o a chi ne fa le veci) indicare \u2013 ove necessario in considerazione delle modalit\u00e0 del viaggio stesso \u2013 eventuali Paesi di transito, oltre al Paese di destinazione finale.<\/p>\n<p style=\"text-align: justify;\">Nel caso di affidamento ad un ente o compagnia di trasporto \u00e8 rilasciata unicamente l\u2019attestazione (e non la menzione sul passaporto). Si suggerisce &#8211; prima di acquistare il biglietto della compagnia di trasporto &#8211; di verificare che il vettore accetti che il minore sia ad esso affidato.<\/p>\n<p style=\"text-align: justify;\">Si raccomanda di presentare la richiesta con congruo anticipo rispetto alla data di partenza del minore.<\/p>\n","protected":false},"excerpt":{"rendered":"Nel caso in cui un\u00a0minore italiano che non ha compiuto quattordici anni viaggi\u00a0fuori dal Paese di residenza\u00a0non accompagnato da almeno uno dei genitori\u00a0(o da chi ne fa le veci)\u00a0\u00e8 necessario\u00a0richiedere una menzione sul passaporto italiano o una\u00a0dichiarazione di accompagnamento. I genitori &#8211; o gli esercenti la responsabilit\u00e0 genitoriale o tutoria &#8211; dovranno presentare una richiesta [&hellip;]","protected":false},"author":4,"featured_media":0,"parent":47,"menu_order":0,"comment_status":"closed","ping_status":"closed","template":"","meta":{"footnotes":""},"class_list":["post-716","page","type-page","status-publish","hentry"],"_links":{"self":[{"href":"https:\/\/ambtallinn.esteri.it\/it\/wp-json\/wp\/v2\/pages\/716","targetHints":{"allow":["GET"]}}],"collection":[{"href":"https:\/\/ambtallinn.esteri.it\/it\/wp-json\/wp\/v2\/pages"}],"about":[{"href":"https:\/\/ambtallinn.esteri.it\/it\/wp-json\/wp\/v2\/types\/page"}],"author":[{"embeddable":true,"href":"https:\/\/ambtallinn.esteri.it\/it\/wp-json\/wp\/v2\/users\/4"}],"replies":[{"embeddable":true,"href":"https:\/\/ambtallinn.esteri.it\/it\/wp-json\/wp\/v2\/comments?post=716"}],"version-history":[{"count":1,"href":"https:\/\/ambtallinn.esteri.it\/it\/wp-json\/wp\/v2\/pages\/716\/revisions"}],"predecessor-version":[{"id":717,"href":"https:\/\/ambtallinn.esteri.it\/it\/wp-json\/wp\/v2\/pages\/716\/revisions\/717"}],"up":[{"embeddable":true,"href":"https:\/\/ambtallinn.esteri.it\/it\/wp-json\/wp\/v2\/pages\/47"}],"wp:attachment":[{"href":"https:\/\/ambtallinn.esteri.it\/it\/wp-json\/wp\/v2\/media?parent=716"}],"curies":[{"name":"wp","href":"https:\/\/api.w.org\/{rel}","templated":true}]}}