{"id":724,"date":"2023-07-18T10:42:37","date_gmt":"2023-07-18T07:42:37","guid":{"rendered":"https:\/\/ambtallinn.esteri.it\/?page_id=724"},"modified":"2026-03-26T17:24:44","modified_gmt":"2026-03-26T14:24:44","slug":"carte-didentita","status":"publish","type":"page","link":"https:\/\/ambtallinn.esteri.it\/it\/servizi-consolari-e-visti\/servizi-per-il-cittadino-italiano\/carte-didentita\/","title":{"rendered":"Carte d\u2019identit\u00e0"},"content":{"rendered":"<p>La Carta d\u2019Identit\u00e0 Elettronica pu\u00f2 essere rilasciata esclusivamente ai cittadini italiani regolarmente residenti nella propria circoscrizione consolare, che siano gi\u00e0 registrati nello schedario consolare e i cui dati anagrafici siano gi\u00e0 presenti nella banca dati A.I.R.E. (Anagrafe degli Italiani Residenti all\u2019Estero) del Ministero dell\u2019Interno.<\/p>\n<p>Ai fini dell\u2019emissione della CIE \u00e8 inoltre necessario possedere il codice fiscale validato.<\/p>\n<ol>\n<li><strong>VALIDITA\u2019 TEMPORALE<\/strong><\/li>\n<\/ol>\n<p>La validit\u00e0 della carta d\u2019identit\u00e0 varia a seconda all\u2019et\u00e0 del titolare:<\/p>\n<ul>\n<li>Minori di tre anni: la carta vale tre anni<\/li>\n<li>Minori tra tre e diciotto anni: la carta vale 5 anni<\/li>\n<li>Maggiorenni: la carta vale 10 anni<\/li>\n<\/ul>\n<ol start=\"2\">\n<li><strong>MODALITA\u2019 DI RICHIESTA<\/strong><\/li>\n<\/ol>\n<p>La richiesta della carta d\u2019identit\u00e0 elettronica deve essere presentata anticipando\u00a0<a href=\"https:\/\/ambtallinn.esteri.it\/it\/servizi-consolari-e-visti\/servizi-per-il-cittadino-italiano\/albo-consolare-e-altri-servizi\/modulistica\/\" target=\"_blank\" rel=\"noopener\">tutta la seguente documentazione (in formato PDF)<\/a>\u00a0all\u2019 indirizzo email: consolare.tallinn@esteri.it :<\/p>\n<ul>\n<li>Modulo di richiesta;<\/li>\n<li>Copia di un documento di riconoscimento (passaporto o carta d\u2019identit\u00e0);<\/li>\n<li>Atto di assenso di entrambi i genitori (se la richiesta \u00e8 per un minorenne).<\/li>\n<\/ul>\n<p>Si precisa che<strong>\u00a0l\u2019appuntamento potr\u00e0 essere fissato solo dopo che l\u2019ufficio consolare avr\u00e0 effettuato il controllo dei dati anagrafici, risolto eventuali disallineamenti e verificato che non sussistano cause ostative al rilascio del documento.<\/strong><\/p>\n<ol start=\"3\">\n<li><strong>APPUNTAMENTO E DOCUMENTAZIONE IN ORIGINALE DA PRESENTARE IL GIORNO DELL\u2019APPUNTAMENTO<\/strong><\/li>\n<\/ol>\n<p><strong>Cittadini maggiorenni:<\/strong><\/p>\n<ul>\n<li>Modulo di richiesta;<\/li>\n<li>Documento di riconoscimento (passaporto o carta d\u2019identit\u00e0);<\/li>\n<\/ul>\n<p><strong>Cittadini minorenni:<\/strong><\/p>\n<ul>\n<li>Modulo di richiesta;<\/li>\n<li>1 fototessera, in formato cartaceo dello stesso tipo di quelle utilizzate per il passaporto (criteri ICAO) per minori di anni 12;<\/li>\n<li>Documento di riconoscimento (passaporto o carta d\u2019identit\u00e0);<\/li>\n<\/ul>\n<p>Al momento dell\u2019appuntamento l\u2019operatore consolare acquisir\u00e0 la foto e, salvo che per i minori di 12 anni, le impronte digitali e la firma, che saranno registrate in sicurezza all\u2019interno del microchip presente nella propria CIE e non depositate in nessun altro luogo.<\/p>\n<ol start=\"4\">\n<li><strong>COSTO<\/strong><\/li>\n<\/ol>\n<p>Il costo del documento \u00e8 di:<\/p>\n<ul>\n<li><strong>21,95<\/strong>\u00a0euro complessivi, in caso di primo rilascio o rinnovo;<\/li>\n<li><strong>27,11<\/strong>\u00a0euro complessivi in caso di duplicato per furto o smarrimento.<\/li>\n<\/ul>\n<p>Il pagamento potr\u00e0 essere effettuato con un bonifico bancario indirizzato a <strong>Italian Embassy in Estonia\u00a0<\/strong>sul conto\u00a0<strong>EE201700017004734187.<\/strong><\/p>\n<p>E\u2019 necessario esibire la ricevuta del bonifico il giorno dell\u2019appuntamento (nella causale si prega indicare il cognome ed il nome del richiedente della carta di identit\u00e0).<\/p>\n<p>5.\u00a0<strong>CONSEGNA DELLA CARTA D\u2019IDENTITA\u2019<\/strong><\/p>\n<p>La CIE viene stampata e poi recapitata a mezzo posta presso l\u2019indirizzo di residenza (o recapito) dichiarato dal richiedente, a cura dell\u2019Istituto Poligrafico e Zecca dello Stato, entro 15 giorni dalla data della richiesta in Consolato. In caso di mancata consegna per indirizzo errato, \u00e8 prevista la giacenza presso il locale ufficio postale, al termine della quale il plico viene restituito all\u2019Ufficio consolare di riferimento per un ulteriore tentativo di consegna.<\/p>\n<p>6.\u00a0<strong>RINVENIMENTO CARTE D\u2019IDENTITA\u2019<\/strong><\/p>\n<p>Si rende noto all\u2019utenza che le carte d\u2019identit\u00e0 oggetto di furto o smarrimento all\u2019estero, in caso di rinvenimento, vengono di norma restituite agli Uffici consolari nella cui circoscrizione \u00e8 avvenuto il furto o lo smarrimento. Si invitano pertanto coloro che abbiano recentemente subito all\u2019estero un furto\/smarrimento e vogliano verificare se la propria carta d\u2019identit\u00e0 sia stata rinvenuta, a contattare l\u2019Ufficio consolare territorialmente competente per ulteriori informazioni in merito. Si segnala che l\u2019eventuale ritiro dei predetti documenti potr\u00e0 avvenire, presso l\u2019Ufficio consolare dove \u00e8 avvenuto il rinvenimento, secondo le seguenti modalit\u00e0:<\/p>\n<ul>\n<li><strong>presso gli sportelli dell\u2019Ufficio consolare;<\/strong><\/li>\n<li><strong>su richiesta dell\u2019interessato, tramite servizio postale con spese di spedizione a suo carico.<\/strong><\/li>\n<\/ul>\n<p>Con riferimento alle carte di identit\u00e0 rilasciate dalla Rete consolare rubate o smarrite all\u2019estero, sar\u00e0 cura degli Uffici consolari comunicarne il rinvenimento al titolare, evidenziando che le stesse saranno distrutte nel caso in cui non ne sia stata richiesta la restituzione trascorso un anno dalla data del rinvenimento.<\/p>\n<h3><strong>Foto per carta d\u2019identit\u00e0 \u2013 caratteristiche particolari a norma ICAO (la foto \u00e8 necessaria solo per i minori di anni 12)<\/strong><\/h3>\n<p>Si possono accettare SOLO ed ESCLUSIVAMENTE fotografie conformi alle norme ICAO.<\/p>\n<p>Riassumiamo le caratteristiche tecnico-qualitative che deve avere la foto per il passaporto elettronico e la carta d\u2019identit\u00e0:<\/p>\n<ul>\n<li>Deve essere recente (non pi\u00f9 di 6 mesi);<\/li>\n<li>La foto deve essere a colori;<\/li>\n<li>La persona fotografata deve avere un\u2019espressione neutra e tenere la bocca chiusa;<\/li>\n<li>Gli occhi debbono essere aperti e ben visibili;<\/li>\n<li>La foto deve avere uno sfondo bianco e con luce uniforme;<\/li>\n<li>Non deve avere riflessi di flash sul viso, e soprattutto non gli occhi rossi;<\/li>\n<li>Il viso deve coprire il 70-80% della foto dalla base del mento alla fronte;<\/li>\n<li>La messa a fuoco deve essere nitida;<\/li>\n<li>La foto deve essere fatta guardando direttamente la macchina;<\/li>\n<li>Grandezza: 35\u00d745 mm;<\/li>\n<li>La foto deve essere stampata su carta di alta qualit\u00e0 e ad alta definizione;<\/li>\n<li>Il viso deve essere ben centrato nella macchina e quindi non di profilo;<\/li>\n<li>La foto deve mostrare la persona da sola, senza altri oggetti o persone sullo sfondo.<\/li>\n<\/ul>\n<h4>AVVERTENZE PER COLORO CHE FANNO LA FOTO CON GLI OCCHIALI DA VISTA<\/h4>\n<ul>\n<li>La foto deve mostrare chiaramente gli occhi e non deve avere riflessi del flash sulle lenti (inclinare leggermente il capo);<\/li>\n<li>Gli occhiali da vista non devono essere \u201cda sole\u201d (lenti non colorate);<\/li>\n<li>Non si devono portare occhiali con montatura pesante e la montatura non deve coprire nessuna parte degli occhi.<\/li>\n<\/ul>\n<p>Le foto fatte con un copricapo sono accettate soltanto se giustificate da motivi religiosi; in tal caso si devono chiaramente vedere i contorni del viso, dalla base del mento alla fronte insieme ad entrambi i lati della faccia.<\/p>\n<h4>NOVITA&#8217;<\/h4>\n<p style=\"text-align: justify;\">Si segnala l\u2019introduzione con la L. n.11 del 2026 della possibilit\u00e0 per il cittadino iscritto all\u2019Anagrafe degli Italiani Residenti all\u2019Estero (AIRE) \u2013 a decorrere dal 1\u00b0 giugno 2026 \u2013 di presentare domanda per il rilascio della carta d&#8217;identit\u00e0 elettronica presso qualsiasi Comune italiano. La carta d\u2019identit\u00e0 sar\u00e0 consegnata con le medesime modalit\u00e0 previste in caso di domanda presentata tramite l\u2019Ufficio consolare, con facolt\u00e0 per l\u2019interessato di ritirarla personalmente presso il Comune ovvero di richiederne la spedizione all\u2019estero.<\/p>\n","protected":false},"excerpt":{"rendered":"La Carta d\u2019Identit\u00e0 Elettronica pu\u00f2 essere rilasciata esclusivamente ai cittadini italiani regolarmente residenti nella propria circoscrizione consolare, che siano gi\u00e0 registrati nello schedario consolare e i cui dati anagrafici siano gi\u00e0 presenti nella banca dati A.I.R.E. (Anagrafe degli Italiani Residenti all\u2019Estero) del Ministero dell\u2019Interno. Ai fini dell\u2019emissione della CIE \u00e8 inoltre necessario possedere il codice [&hellip;]","protected":false},"author":4,"featured_media":0,"parent":47,"menu_order":0,"comment_status":"closed","ping_status":"closed","template":"","meta":{"footnotes":""},"class_list":["post-724","page","type-page","status-publish","hentry"],"_links":{"self":[{"href":"https:\/\/ambtallinn.esteri.it\/it\/wp-json\/wp\/v2\/pages\/724","targetHints":{"allow":["GET"]}}],"collection":[{"href":"https:\/\/ambtallinn.esteri.it\/it\/wp-json\/wp\/v2\/pages"}],"about":[{"href":"https:\/\/ambtallinn.esteri.it\/it\/wp-json\/wp\/v2\/types\/page"}],"author":[{"embeddable":true,"href":"https:\/\/ambtallinn.esteri.it\/it\/wp-json\/wp\/v2\/users\/4"}],"replies":[{"embeddable":true,"href":"https:\/\/ambtallinn.esteri.it\/it\/wp-json\/wp\/v2\/comments?post=724"}],"version-history":[{"count":6,"href":"https:\/\/ambtallinn.esteri.it\/it\/wp-json\/wp\/v2\/pages\/724\/revisions"}],"predecessor-version":[{"id":3641,"href":"https:\/\/ambtallinn.esteri.it\/it\/wp-json\/wp\/v2\/pages\/724\/revisions\/3641"}],"up":[{"embeddable":true,"href":"https:\/\/ambtallinn.esteri.it\/it\/wp-json\/wp\/v2\/pages\/47"}],"wp:attachment":[{"href":"https:\/\/ambtallinn.esteri.it\/it\/wp-json\/wp\/v2\/media?parent=724"}],"curies":[{"name":"wp","href":"https:\/\/api.w.org\/{rel}","templated":true}]}}