{"id":734,"date":"2023-07-18T10:54:57","date_gmt":"2023-07-18T07:54:57","guid":{"rendered":"https:\/\/ambtallinn.esteri.it\/?page_id=734"},"modified":"2026-03-26T17:28:48","modified_gmt":"2026-03-26T14:28:48","slug":"anagrafe-aire","status":"publish","type":"page","link":"https:\/\/ambtallinn.esteri.it\/it\/servizi-consolari-e-visti\/servizi-per-il-cittadino-italiano\/anagrafe-aire\/","title":{"rendered":"Anagrafe &#8211; AIRE"},"content":{"rendered":"<p><strong>Ricordiamo che \u00e8 obbligo del cittadino italiano provvedere all\u2019aggiornamento tempestivo della propria situazione anagrafica e di stato civile.\u00a0<\/strong><\/p>\n<p>Le indicazioni specifiche relative all\u2019AIRE sono disponibili al link che segue: <a href=\"https:\/\/www.esteri.it\/it\/servizi-consolari-e-visti\/italiani-all-estero\/aire_0\/\" target=\"_blank\" rel=\"noopener\">Anagrafe Italiani residenti all\u2019estero (A.I.R.E.) \u2013 Ministero degli Affari Esteri e della Cooperazione Internazionale<\/a><\/p>\n<p>L\u2019Anagrafe degli Italiani Residenti all\u2019Estero (A.I.R.E.) \u00e8 stata istituita con legge 27 ottobre 1988, n. 470 (<a href=\"https:\/\/www.normattiva.it\/uri-res\/N2Ls?urn:nir:stato:legge:1988-10-27;470!vig=\" target=\"_blank\" rel=\"noopener\">LEGGE 27 ottobre 1988, n. 470 \u2013 Normattiva<\/a>). Essa \u00e8 gestita dai Comuni sulla base dei dati e delle informazioni provenienti dalle Rappresentanze consolari all\u2019estero. L\u2019esercizio concreto di molti diritti fondamentali previsti dalla nostra Costituzione dipende dall\u2019iscrizione anagrafica, che se non effettuata correttamente pu\u00f2 comportare conseguenze negative in relazione, ad esempio, ai diritti elettorali, sanitari, sociali e fiscali, civili e personali.<\/p>\n<p>L\u2019iscrizione all\u2019A.I.R.E. \u00e8 un obbligo del cittadino (art. 6, L. 470\/1988; art. 11 L. 1228\/1954) e costituisce il presupposto per usufruire dei servizi consolari forniti dalle Rappresentanze all\u2019estero, nonch\u00e9 per l\u2019esercizio di importanti diritti, quali per esempio:<\/p>\n<ul>\n<li>la possibilit\u00e0 di votare per corrispondenza in occasione di elezioni politiche e di referendum, di cui agli articoli 75 e 138 della Costituzione, come previsto dalla legge 459\/2001;<\/li>\n<li>la possibilit\u00e0 di votare in occasione delle elezioni dei rappresentanti italiani al Parlamento Europeo presso seggi istituiti dalla rete diplomatico-consolare nei Paesi appartenenti all\u2019U.E.;<\/li>\n<li>la possibilit\u00e0 di ottenere il rilascio di documenti di identit\u00e0 e di viaggio;<\/li>\n<li>la possibilit\u00e0 di richiedere il rilascio di certificazioni di competenza delle Rappresentanze all\u2019estero;<\/li>\n<\/ul>\n<p>Si rinvia al link <a href=\"https:\/\/www.esteri.it\/it\/servizi-consolari-e-visti\/italiani-all-estero\/aire_0\/\" target=\"_blank\" rel=\"noopener\">Anagrafe Italiani residenti all\u2019estero (A.I.R.E.) \u2013 Ministero degli Affari Esteri e della Cooperazione Internazionale<\/a> per le modifiche introdotte dalla Legge 19 gennaio 2026 n.11, entrata in vigore in data 19.02.2026<\/p>\n<h5>PROCEDURA DI ISCRIZIONE ALL\u2019A.I.R.E.<\/h5>\n<p>L\u2019iscrizione all\u2019A.I.R.E. viene richiesta dall\u2019interessato (per s\u00e9 e per i propri familiari di cittadinanza italiana) presso l\u2019ufficio consolare di questa Ambasciata, presentando un certificato di residenza (ELUKOHAT\u00d5END) unitamente al proprio documento di riconoscimento italiano (passaporto o carta d\u2019identit\u00e0).<\/p>\n<p>A partire dal 1\u00b0 maggio 2023 le richieste di iscrizione all\u2019A.I.R.E. verranno accettate unicamente se presentate tramite la piattaforma\u00a0<a href=\"https:\/\/serviziconsolari.esteri.it\/ScoFE\/index.sco\">FastIT Servizi Consolari Online<\/a>.<\/p>\n<p><em><u>Nel sistema Fast It, oltre alla domanda, \u00e8 necessario allegare i seguenti documenti:<\/u><\/em><\/p>\n<ol>\n<li><strong>Documento di identit\u00e0<\/strong> dichiarante e familiari conviventi <strong>(obbligatorio)<\/strong>;<\/li>\n<li><strong>Modulo di richiesta<\/strong> firmato <strong>(obbligatorio)<\/strong>;<\/li>\n<li><strong>Documentazione comprovante la residenza<\/strong> nella circoscrizione consolare, nel quale sia indicato anche l\u2019indirizzo (certificato di residenza rilasciato dall\u2019autorit\u00e0 locale, bollette di utenze residenziali intestate al richiedente, contratto di locazione o di acquisto, ecc.) <strong>(obbligatorio)<\/strong>;<\/li>\n<li>Si precisa che la carta di identit\u00e0 estone e il permesso di soggiorno possono essere allegati, ma <strong>qualora non rechino l\u2019indicazione dell\u2019indirizzo per comprovare la residenza \u00e8 necessario, in aggiunta, un documento nel quale sia indicato<\/strong> (certificato di residenza, contratto di locazione o di acquisto, bollette di utenze residenziali intestate al richiedente);<\/li>\n<li>E\u2019 inoltre necessario indicare nel modulo <strong>l\u2019indirizzo completo del numero di interno<\/strong>.<\/li>\n<\/ol>\n<p>Solo nel caso in cui il predetto Portale non sia utilizzabile, la richiesta potr\u00e0 essere formulata recandosi di persona in Consolato previo appuntamento da concordare al seguente indirizzo: <a href=\"mailto:consolare.tallinn@esteri.it\">consolare.tallinn@esteri.it<\/a>.<\/p>\n<h5>VARIAZIONE DEI DATI D\u2019ISCRIZIONE ALL\u2019A.I.R.E.<\/h5>\n<p>Il cittadino italiano ha l\u2019obbligo di comunicare al proprio Comune, tramite l\u2019ufficio consolare di questa Ambasciata, qualsiasi variazione del proprio indirizzo, che provveder\u00e0 a comunicare al Comune di iscrizione A.I.R.E. A partire dal 1\u00b0 maggio 2023 le richieste di varazioni dei dati di iscrizione A.I.R.E. verranno accettate unicamente se presentate tramite la piattaforma\u00a0<a href=\"https:\/\/serviziconsolari.esteri.it\/ScoFE\/index.sco\" target=\"_blank\" rel=\"noopener\">FastIT Servizi Consolari Online<\/a>.<\/p>\n<p>Solo nel caso in cui il predetto Portale non sia utilizzabile, la richiesta potr\u00e0 essere formulata recandosi di persona in Consolato previo appuntamento da concordare al seguente indirizzo: consolare.tallinn@esteri.it<\/p>\n<p>Per ulteriori informazioni rivolgersi direttamente all\u2019Ambasciata d\u2019Italia in Tallinn oppure consultare il sito del\u00a0<a href=\"https:\/\/www.esteri.it\/it\/servizi-consolari-e-visti\/italiani-all-estero\/aire_0\/\" target=\"_blank\" rel=\"noopener\">Ministro degli Affari Esteri e per la Cooperazione Internazionale<\/a>.<\/p>\n<h5>CERTIFICATI ANAGRAFICI<\/h5>\n<p style=\"text-align: justify;\" align=\"justify\">Si comunica che i cittadini iscritti nelle anagrafi italiane (sia ANPR che AIRE) hanno la possibilit\u00e0 di richiedere direttamente online diversi tipi di certificati anagrafici (di cittadinanza, di esistenza in vita, di residenza, di stato civile ecc.). Il rilascio di tali certificati \u00e8 possibile solo a condizione di avere un&#8217;identit\u00e0 digitale (CIE, Spid o CNS), dal momento che tale modalit\u00e0 \u00e8 ormai l&#8217;unica in Italia per accedere ai servizi telematici erogati dalla Pubblica Amministrazione.<\/p>\n<p style=\"text-align: justify;\">Il sito al quale \u00e8 necessario connettersi \u00e8 <a href=\"https:\/\/www.anagrafenazionale.interno.it\/servizi-al-cittadino\/\" target=\"_blank\" rel=\"noopener\">Anagrafe Nazionale Popolazione Residente<\/a>.<\/p>\n<h5><strong>COSA ACCADE SE NON CI SI ISCRIVE ALL\u2019A.I.R.E.:<\/strong><\/h5>\n<p>L\u2019iscrizione all\u2019A.I.R.E. \u00e8 effettuata a seguito di dichiarazione che l\u2019interessato deve rendere all\u2019Ufficio consolare competente per territorio entro 90 giorni dal trasferimento della residenza e comporta la contestuale cancellazione dall\u2019Anagrafe della Popolazione Residente (A.P.R.) del Comune di provenienza. \u00a0Chiunque, avendo obblighi anagrafici, contravviene alle disposizioni della Legge 24 dicembre 1954, n. 1228, della Legge 27 ottobre 1988, n. 470, e dei regolamenti di esecuzione delle predette leggi \u00e8 soggetto a sanzioni pecuniarie amministrative, cos\u00ec come previsto dalla Legge 30 dicembre 2023, n. 213. L\u2019Autorit\u00e0 competente all\u2019accertamento e all\u2019irrogazione della sanzione \u00e8 il Comune nella cui anagrafe \u00e8 iscritto il trasgressore.<\/p>\n<p>Il procedimento accertativo e sanzionatorio in capo ai Comuni \u00e8 disciplinato dalla L. 24 novembre 1981, n. 689, il cui art. 1 prevede che \u201cNessuno pu\u00f2 essere assoggettato a sanzioni amministrative se non in forza di una legge che sia entrata in vigore prima della commissione della violazione\u201d.<\/p>\n","protected":false},"excerpt":{"rendered":"Ricordiamo che \u00e8 obbligo del cittadino italiano provvedere all\u2019aggiornamento tempestivo della propria situazione anagrafica e di stato civile.\u00a0 Le indicazioni specifiche relative all\u2019AIRE sono disponibili al link che segue: Anagrafe Italiani residenti all\u2019estero (A.I.R.E.) \u2013 Ministero degli Affari Esteri e della Cooperazione Internazionale L\u2019Anagrafe degli Italiani Residenti all\u2019Estero (A.I.R.E.) \u00e8 stata istituita con legge 27 [&hellip;]","protected":false},"author":4,"featured_media":0,"parent":47,"menu_order":0,"comment_status":"closed","ping_status":"closed","template":"","meta":{"footnotes":""},"class_list":["post-734","page","type-page","status-publish","hentry"],"_links":{"self":[{"href":"https:\/\/ambtallinn.esteri.it\/it\/wp-json\/wp\/v2\/pages\/734","targetHints":{"allow":["GET"]}}],"collection":[{"href":"https:\/\/ambtallinn.esteri.it\/it\/wp-json\/wp\/v2\/pages"}],"about":[{"href":"https:\/\/ambtallinn.esteri.it\/it\/wp-json\/wp\/v2\/types\/page"}],"author":[{"embeddable":true,"href":"https:\/\/ambtallinn.esteri.it\/it\/wp-json\/wp\/v2\/users\/4"}],"replies":[{"embeddable":true,"href":"https:\/\/ambtallinn.esteri.it\/it\/wp-json\/wp\/v2\/comments?post=734"}],"version-history":[{"count":6,"href":"https:\/\/ambtallinn.esteri.it\/it\/wp-json\/wp\/v2\/pages\/734\/revisions"}],"predecessor-version":[{"id":3645,"href":"https:\/\/ambtallinn.esteri.it\/it\/wp-json\/wp\/v2\/pages\/734\/revisions\/3645"}],"up":[{"embeddable":true,"href":"https:\/\/ambtallinn.esteri.it\/it\/wp-json\/wp\/v2\/pages\/47"}],"wp:attachment":[{"href":"https:\/\/ambtallinn.esteri.it\/it\/wp-json\/wp\/v2\/media?parent=734"}],"curies":[{"name":"wp","href":"https:\/\/api.w.org\/{rel}","templated":true}]}}