{"id":95,"date":"2023-04-11T18:23:52","date_gmt":"2023-04-11T16:23:52","guid":{"rendered":"https:\/\/ambasciatapraga.esteri.it\/?page_id=95"},"modified":"2025-09-19T17:26:40","modified_gmt":"2025-09-19T14:26:40","slug":"fare-affari-nella-repubblica-ceca","status":"publish","type":"page","link":"https:\/\/ambtallinn.esteri.it\/it\/italia-ed-estonia\/diplomazia-economica\/fare-affari-nella-repubblica-ceca\/","title":{"rendered":"Fare affari in Estonia"},"content":{"rendered":"<p>Per informazioni in merito alle opportunit\u00e0 di affari in Estonia, cooperazione economica bilaterale, quadro economico generale, rischio del Paese, interscambio commerciale, flussi di investimento, opportunit\u00e0 per i prodotti italiani, suggeriamo di partire dalla consultazione della sezione dedicata all\u2019Estonia del sito del Ministero Affari Esteri e della Cooperazione Internazionale\u00a0<a href=\"https:\/\/www.infomercatiesteri.it\/paese.php?id_paesi=66\">Info Mercati Esteri<\/a>, che offre una piattaforma innovativa e completamente gratuita realizzata per soddisfare la richiesta di informazioni sui mercati esteri proveniente dagli operatori economici nazionali, nonch\u00e9 della guida \u201c<a href=\"https:\/\/ambtallinn.esteri.it\/wp-content\/uploads\/2025\/09\/Diplomazia-della-Crescita.-Destinazione-Estonia_compressed.pdf\">Diplomazia della Crescita. Destinazione Estonia<\/a>\u201d<\/p>\n<p style=\"text-align: justify;\" align=\"justify\">L&#8217;Estonia \u00e8 tra i Paesi pi\u00f9 avanzati nell&#8217;IT. L&#8217;uso delle nuove tecnologie \u00e8 estremamente diffuso nel sistema economico e bancario nonch\u00e9 nel settore pubblico. E&#8217; possibile registrare un&#8217;impresa completamente &#8220;on line&#8221;. Dal dicembre 2014 anche gli imprenditori stranieri possono ottenere l'&#8221;e-residency&#8221; (per pi\u00f9 dettagliate informazioni consultare il sito web &#8220;e-estonia.com&#8221;). Circa il 60% della popolazione parla l&#8217;inglese; tale percentuale \u00e8 molto pi\u00f9 alta tra le giovani generazioni. A Tallinn e Tartu vi sono corsi universitari di italiano da cui escono diplomati che possono essere eventuali utili collaboratori per gli imprenditori italiani.<\/p>\n<p style=\"text-align: justify;\" align=\"justify\">La posizione geografica rende l&#8217;Estonia un possibile punto di partenza per la penetrazione nei mercati circostanti: Baltici, Scandinavia, Europa orientale. Tale penetrazione \u00e8 facilitata da buone infrastrutture e trasporti.<\/p>\n<p style=\"text-align: justify;\">Da alcuni anni l&#8217;Estonia \u00e8 tra i primi posti nell&#8217;Index of Economic Freedom, la graduatoria annuale sulla libert\u00e0 economica di 186 Paesi elaborata dal 1995 dal The Wall Street Journal e dalla Heritage Foundation di Washington.<\/p>\n<p style=\"text-align: justify;\" align=\"justify\">Per ulteriori informazioni contattare l\u2019Ufficio Commerciale dell\u2019Ambasciata (Tel. +372 6276160;\u00a0<a href=\"mailto:commerciale.tallinn@esteri.it\">commerciale.tallinn@esteri.it<\/a>), l\u2019Ufficio ICE di Stoccolma, competente anche per l\u2019Estonia (Tel. +46 8 248960;\u00a0<a href=\"mailto:stoccolma@ice.it\">stoccolma@ice.it<\/a>) e consultare la pagina \u201cEstonia\u201d del sito\u00a0<a href=\"http:\/\/www.infomercatiesteri.it\/\" target=\"_parent\" rel=\"noopener\">www.infomercatiesteri.it<\/a>.<\/p>\n<p style=\"text-align: justify;\">In caso di assistenza \u00e8 inoltre disponibile l&#8217;applicativo NEXUS, creato dal Ministero degli Affari Esteri e della Cooperazione Internazionale per promuovere l\u2019attivit\u00e0 di sostegno alle imprese italiane interessate ad operare sui mercati esteri. Le richieste di assistenza potranno essere inoltrate a questa Ambasciata attraverso la compilazione del presente <a href=\"https:\/\/nexus.esteri.it\/?sede=247\" target=\"_blank\" rel=\"noopener\">MODULO<\/a>.<\/p>\n<p style=\"text-align: justify;\" align=\"justify\">Per le gare d&#8217;appalto in Estonia e\u2019 a disposizione il sito\u00a0<a href=\"https:\/\/extender.esteri.it\/sito\/appalti-internazionali-anticipazioni-grandi-progetti\" target=\"_blank\" rel=\"noopener\">\u201cextender.esteri.it\u201d<\/a>.<\/p>\n","protected":false},"excerpt":{"rendered":"Per informazioni in merito alle opportunit\u00e0 di affari in Estonia, cooperazione economica bilaterale, quadro economico generale, rischio del Paese, interscambio commerciale, flussi di investimento, opportunit\u00e0 per i prodotti italiani, suggeriamo di partire dalla consultazione della sezione dedicata all\u2019Estonia del sito del Ministero Affari Esteri e della Cooperazione Internazionale\u00a0Info Mercati Esteri, che offre una piattaforma innovativa [&hellip;]","protected":false},"author":1,"featured_media":0,"parent":43,"menu_order":0,"comment_status":"closed","ping_status":"closed","template":"","meta":{"footnotes":""},"class_list":["post-95","page","type-page","status-publish","hentry"],"_links":{"self":[{"href":"https:\/\/ambtallinn.esteri.it\/it\/wp-json\/wp\/v2\/pages\/95","targetHints":{"allow":["GET"]}}],"collection":[{"href":"https:\/\/ambtallinn.esteri.it\/it\/wp-json\/wp\/v2\/pages"}],"about":[{"href":"https:\/\/ambtallinn.esteri.it\/it\/wp-json\/wp\/v2\/types\/page"}],"author":[{"embeddable":true,"href":"https:\/\/ambtallinn.esteri.it\/it\/wp-json\/wp\/v2\/users\/1"}],"replies":[{"embeddable":true,"href":"https:\/\/ambtallinn.esteri.it\/it\/wp-json\/wp\/v2\/comments?post=95"}],"version-history":[{"count":7,"href":"https:\/\/ambtallinn.esteri.it\/it\/wp-json\/wp\/v2\/pages\/95\/revisions"}],"predecessor-version":[{"id":3121,"href":"https:\/\/ambtallinn.esteri.it\/it\/wp-json\/wp\/v2\/pages\/95\/revisions\/3121"}],"up":[{"embeddable":true,"href":"https:\/\/ambtallinn.esteri.it\/it\/wp-json\/wp\/v2\/pages\/43"}],"wp:attachment":[{"href":"https:\/\/ambtallinn.esteri.it\/it\/wp-json\/wp\/v2\/media?parent=95"}],"curies":[{"name":"wp","href":"https:\/\/api.w.org\/{rel}","templated":true}]}}